{"id":24466,"date":"2025-08-01T18:08:30","date_gmt":"2025-08-01T16:08:30","guid":{"rendered":"https:\/\/uj.adatbank.ro\/lexikon\/termek\/veress-laszlo-2\/"},"modified":"2025-08-01T18:08:30","modified_gmt":"2025-08-01T16:08:30","slug":"veress-laszlo-2","status":"publish","type":"product","link":"https:\/\/uj.adatbank.ro\/lexikon\/termek\/veress-laszlo-2\/","title":{"rendered":"VERESS L\u00e1szl\u00f3"},"content":{"rendered":"<p>?, \u2020\u00a0?: \u00e9p\u00edt\u00e9szmester. \u2013 \u00c9p\u00edt\u00e9sz v\u00e1llalkoz\u00f3 Mv.-en. A mv.-i Polg\u00e1ri Fi\u00faiskola \u00e9p\u00edt\u00e9s\u00e9t v\u00e9gezte Bustya Lajos \u00e9p\u00edt\u00e9sz v\u00e1llalkoz\u00f3val k\u00f6z\u00f6sen (1906). Dolgozott m\u00e9g az Agr\u00e1rbank palot\u00e1ja, a Bocs\u00e1nszki- \u00e9s Stallenberger-h\u00e1z, a T\u00f6rv\u00e9nysz\u00e9k \u00e9p\u00fclete, a Cukorgy\u00e1r \u00e9p\u00fcleteinek kivitelez\u00e9s\u00e9n\u00e9l. Fia, K\u00e1roly a Cukorgy\u00e1r k\u00e9s\u0151bbi igazgat\u00f3ja. <br \/><strong>\u2013 Irod.:<\/strong> Fodor S\u00e1ndor (S): Petru Maior Egyetem (K\u00f6zpont, 2010. m\u00e1rc. 10\u201316., 10. sz.); Keresztes; Marosi Barna: Megbolydult vil\u00e1g (Buk., 1974); Mv.-Bal\u00e1s.<\/br><\/p>\n","protected":false},"excerpt":{"rendered":"<p>?, \u2020\u00a0?: \u00e9p\u00edt\u00e9szmester. \u2013 \u00c9p\u00edt\u00e9sz v\u00e1llalkoz\u00f3 Mv.-en. A mv.-i Polg\u00e1ri Fi\u00faiskola \u00e9p\u00edt\u00e9s\u00e9t v\u00e9gezte Bustya Lajos \u00e9p\u00edt\u00e9sz v\u00e1llalkoz\u00f3val k\u00f6z\u00f6sen (1906). Dolgozott m\u00e9g az Agr\u00e1rbank palot\u00e1ja, a Bocs\u00e1nszki- \u00e9s Stallenberger-h\u00e1z, a T\u00f6rv\u00e9nysz\u00e9k \u00e9p\u00fclete, a Cukorgy\u00e1r \u00e9p\u00fcleteinek kivitelez\u00e9s\u00e9n\u00e9l. Fia, K\u00e1roly a Cukorgy\u00e1r k\u00e9s\u0151bbi igazgat\u00f3ja. \u2013 Irod.: Fodor S\u00e1ndor (S): Petru Maior Egyetem (K\u00f6zpont, 2010. m\u00e1rc. 10\u201316., 10. sz.); [&hellip;]<\/p>\n","protected":false},"featured_media":0,"comment_status":"open","ping_status":"closed","template":"","meta":[],"product_brand":[],"product_cat":[137],"product_tag":[],"class_list":{"0":"post-24466","1":"product","2":"type-product","3":"status-publish","5":"product_cat-maros-megyei-eletrajzi-lexikon","7":"first","8":"instock","9":"shipping-taxable","10":"product-type-simple"},"_links":{"self":[{"href":"https:\/\/uj.adatbank.ro\/lexikon\/wp-json\/wp\/v2\/product\/24466","targetHints":{"allow":["GET"]}}],"collection":[{"href":"https:\/\/uj.adatbank.ro\/lexikon\/wp-json\/wp\/v2\/product"}],"about":[{"href":"https:\/\/uj.adatbank.ro\/lexikon\/wp-json\/wp\/v2\/types\/product"}],"replies":[{"embeddable":true,"href":"https:\/\/uj.adatbank.ro\/lexikon\/wp-json\/wp\/v2\/comments?post=24466"}],"wp:attachment":[{"href":"https:\/\/uj.adatbank.ro\/lexikon\/wp-json\/wp\/v2\/media?parent=24466"}],"wp:term":[{"taxonomy":"product_brand","embeddable":true,"href":"https:\/\/uj.adatbank.ro\/lexikon\/wp-json\/wp\/v2\/product_brand?post=24466"},{"taxonomy":"product_cat","embeddable":true,"href":"https:\/\/uj.adatbank.ro\/lexikon\/wp-json\/wp\/v2\/product_cat?post=24466"},{"taxonomy":"product_tag","embeddable":true,"href":"https:\/\/uj.adatbank.ro\/lexikon\/wp-json\/wp\/v2\/product_tag?post=24466"}],"curies":[{"name":"wp","href":"https:\/\/api.w.org\/{rel}","templated":true}]}}