{"id":24469,"date":"2025-08-01T18:08:37","date_gmt":"2025-08-01T16:08:37","guid":{"rendered":"https:\/\/uj.adatbank.ro\/lexikon\/termek\/veress-marton\/"},"modified":"2025-08-01T18:08:37","modified_gmt":"2025-08-01T16:08:37","slug":"veress-marton","status":"publish","type":"product","link":"https:\/\/uj.adatbank.ro\/lexikon\/termek\/veress-marton\/","title":{"rendered":"VERESS M\u00e1rton"},"content":{"rendered":"<p>Kv., 1893., \u2020\u00a0?: orvos. \u2013 Kv.-on szerezte doktori diplom\u00e1j\u00e1t (1922). Magyargyer\u0151monostoron kezdte p\u00e1ly\u00e1j\u00e1t majd G\u00f6rg\u00e9nyszentimr\u00e9re ker\u00fclt k\u00f6rorvosnak (1931). Az els\u0151 vh.-ban a 26 cs. k. esztergomi ezredben teljes\u00edtett szolg\u00e1latot, mint eg\u00e9szs\u00e9g\u00fcgyi z\u00e1szl\u00f3s orosz fogs\u00e1gba ker\u00fclt, ahol 6 \u00e9vet t\u00f6lt\u00f6tt. Minden kultur\u00e1lis \u00e9s szoci\u00e1lis megmozdul\u00e1sban r\u00e9szt v\u00e1llalt. <br \/><strong>\u2013 Irod.:<\/strong> Sz\u00e9kelyf\u00f6ld \u00ed. k.<\/br><\/p>\n","protected":false},"excerpt":{"rendered":"<p>Kv., 1893., \u2020\u00a0?: orvos. \u2013 Kv.-on szerezte doktori diplom\u00e1j\u00e1t (1922). Magyargyer\u0151monostoron kezdte p\u00e1ly\u00e1j\u00e1t majd G\u00f6rg\u00e9nyszentimr\u00e9re ker\u00fclt k\u00f6rorvosnak (1931). Az els\u0151 vh.-ban a 26 cs. k. esztergomi ezredben teljes\u00edtett szolg\u00e1latot, mint eg\u00e9szs\u00e9g\u00fcgyi z\u00e1szl\u00f3s orosz fogs\u00e1gba ker\u00fclt, ahol 6 \u00e9vet t\u00f6lt\u00f6tt. Minden kultur\u00e1lis \u00e9s szoci\u00e1lis megmozdul\u00e1sban r\u00e9szt v\u00e1llalt. \u2013 Irod.: Sz\u00e9kelyf\u00f6ld \u00ed. k.<\/p>\n","protected":false},"featured_media":0,"comment_status":"open","ping_status":"closed","template":"","meta":[],"product_brand":[],"product_cat":[137],"product_tag":[],"class_list":{"0":"post-24469","1":"product","2":"type-product","3":"status-publish","5":"product_cat-maros-megyei-eletrajzi-lexikon","7":"first","8":"instock","9":"shipping-taxable","10":"product-type-simple"},"_links":{"self":[{"href":"https:\/\/uj.adatbank.ro\/lexikon\/wp-json\/wp\/v2\/product\/24469","targetHints":{"allow":["GET"]}}],"collection":[{"href":"https:\/\/uj.adatbank.ro\/lexikon\/wp-json\/wp\/v2\/product"}],"about":[{"href":"https:\/\/uj.adatbank.ro\/lexikon\/wp-json\/wp\/v2\/types\/product"}],"replies":[{"embeddable":true,"href":"https:\/\/uj.adatbank.ro\/lexikon\/wp-json\/wp\/v2\/comments?post=24469"}],"wp:attachment":[{"href":"https:\/\/uj.adatbank.ro\/lexikon\/wp-json\/wp\/v2\/media?parent=24469"}],"wp:term":[{"taxonomy":"product_brand","embeddable":true,"href":"https:\/\/uj.adatbank.ro\/lexikon\/wp-json\/wp\/v2\/product_brand?post=24469"},{"taxonomy":"product_cat","embeddable":true,"href":"https:\/\/uj.adatbank.ro\/lexikon\/wp-json\/wp\/v2\/product_cat?post=24469"},{"taxonomy":"product_tag","embeddable":true,"href":"https:\/\/uj.adatbank.ro\/lexikon\/wp-json\/wp\/v2\/product_tag?post=24469"}],"curies":[{"name":"wp","href":"https:\/\/api.w.org\/{rel}","templated":true}]}}