{"id":24472,"date":"2025-08-01T18:08:43","date_gmt":"2025-08-01T16:08:43","guid":{"rendered":"https:\/\/uj.adatbank.ro\/lexikon\/termek\/veress-mihaly\/"},"modified":"2025-08-01T18:08:43","modified_gmt":"2025-08-01T16:08:43","slug":"veress-mihaly","status":"publish","type":"product","link":"https:\/\/uj.adatbank.ro\/lexikon\/termek\/veress-mihaly\/","title":{"rendered":"VERESS Mih\u00e1ly"},"content":{"rendered":"<p>Somosd, 1907. szept. 26., \u2020\u00a0?: gazd\u00e1lkod\u00f3. \u2013 Letart\u00f3ztatt\u00e1k (1958. aug. 8.) \u00e9s a MAT Katonai \u00dcgy\u00e9szs\u00e9ge azzal a v\u00e1ddal \u00e1ll\u00edtotta b\u00edr\u00f3s\u00e1g el\u00e9, hogy nyilv\u00e1nosan szidta a p\u00e1rtot \u00e9s a demokratikus rendszert. <br \/><strong>\u2013 Irod.:<\/strong> 1956 Erd\u00e9lyben.<\/br><\/p>\n","protected":false},"excerpt":{"rendered":"<p>Somosd, 1907. szept. 26., \u2020\u00a0?: gazd\u00e1lkod\u00f3. \u2013 Letart\u00f3ztatt\u00e1k (1958. aug. 8.) \u00e9s a MAT Katonai \u00dcgy\u00e9szs\u00e9ge azzal a v\u00e1ddal \u00e1ll\u00edtotta b\u00edr\u00f3s\u00e1g el\u00e9, hogy nyilv\u00e1nosan szidta a p\u00e1rtot \u00e9s a demokratikus rendszert. \u2013 Irod.: 1956 Erd\u00e9lyben.<\/p>\n","protected":false},"featured_media":0,"comment_status":"open","ping_status":"closed","template":"","meta":[],"product_brand":[],"product_cat":[137],"product_tag":[],"class_list":{"0":"post-24472","1":"product","2":"type-product","3":"status-publish","5":"product_cat-maros-megyei-eletrajzi-lexikon","7":"first","8":"instock","9":"shipping-taxable","10":"product-type-simple"},"_links":{"self":[{"href":"https:\/\/uj.adatbank.ro\/lexikon\/wp-json\/wp\/v2\/product\/24472","targetHints":{"allow":["GET"]}}],"collection":[{"href":"https:\/\/uj.adatbank.ro\/lexikon\/wp-json\/wp\/v2\/product"}],"about":[{"href":"https:\/\/uj.adatbank.ro\/lexikon\/wp-json\/wp\/v2\/types\/product"}],"replies":[{"embeddable":true,"href":"https:\/\/uj.adatbank.ro\/lexikon\/wp-json\/wp\/v2\/comments?post=24472"}],"wp:attachment":[{"href":"https:\/\/uj.adatbank.ro\/lexikon\/wp-json\/wp\/v2\/media?parent=24472"}],"wp:term":[{"taxonomy":"product_brand","embeddable":true,"href":"https:\/\/uj.adatbank.ro\/lexikon\/wp-json\/wp\/v2\/product_brand?post=24472"},{"taxonomy":"product_cat","embeddable":true,"href":"https:\/\/uj.adatbank.ro\/lexikon\/wp-json\/wp\/v2\/product_cat?post=24472"},{"taxonomy":"product_tag","embeddable":true,"href":"https:\/\/uj.adatbank.ro\/lexikon\/wp-json\/wp\/v2\/product_tag?post=24472"}],"curies":[{"name":"wp","href":"https:\/\/api.w.org\/{rel}","templated":true}]}}