{"id":24473,"date":"2025-08-01T18:08:45","date_gmt":"2025-08-01T16:08:45","guid":{"rendered":"https:\/\/uj.adatbank.ro\/lexikon\/termek\/veress-miklos\/"},"modified":"2025-08-01T18:08:45","modified_gmt":"2025-08-01T16:08:45","slug":"veress-miklos","status":"publish","type":"product","link":"https:\/\/uj.adatbank.ro\/lexikon\/termek\/veress-miklos\/","title":{"rendered":"VERESS Mikl\u00f3s"},"content":{"rendered":"<p>17. sz.: tan\u00edt\u00f3, lelk\u00e9sz. \u2013 Ny\u00e1r\u00e1dszentl\u00e1szl\u00f3n tan\u00edtott (1647\u2013), a kv.-i koll. seniora (1650\u2013), majd a tordai iskola tan\u00edt\u00f3ja. Torock\u00f3n lelk\u00e9sz (1654\u2013). <br \/><strong>\u2013 Irod.:<\/strong> Kelemen.<\/br><\/p>\n","protected":false},"excerpt":{"rendered":"<p>17. sz.: tan\u00edt\u00f3, lelk\u00e9sz. \u2013 Ny\u00e1r\u00e1dszentl\u00e1szl\u00f3n tan\u00edtott (1647\u2013), a kv.-i koll. seniora (1650\u2013), majd a tordai iskola tan\u00edt\u00f3ja. Torock\u00f3n lelk\u00e9sz (1654\u2013). \u2013 Irod.: Kelemen.<\/p>\n","protected":false},"featured_media":0,"comment_status":"open","ping_status":"closed","template":"","meta":[],"product_brand":[],"product_cat":[137],"product_tag":[],"class_list":{"0":"post-24473","1":"product","2":"type-product","3":"status-publish","5":"product_cat-maros-megyei-eletrajzi-lexikon","7":"first","8":"instock","9":"shipping-taxable","10":"product-type-simple"},"_links":{"self":[{"href":"https:\/\/uj.adatbank.ro\/lexikon\/wp-json\/wp\/v2\/product\/24473","targetHints":{"allow":["GET"]}}],"collection":[{"href":"https:\/\/uj.adatbank.ro\/lexikon\/wp-json\/wp\/v2\/product"}],"about":[{"href":"https:\/\/uj.adatbank.ro\/lexikon\/wp-json\/wp\/v2\/types\/product"}],"replies":[{"embeddable":true,"href":"https:\/\/uj.adatbank.ro\/lexikon\/wp-json\/wp\/v2\/comments?post=24473"}],"wp:attachment":[{"href":"https:\/\/uj.adatbank.ro\/lexikon\/wp-json\/wp\/v2\/media?parent=24473"}],"wp:term":[{"taxonomy":"product_brand","embeddable":true,"href":"https:\/\/uj.adatbank.ro\/lexikon\/wp-json\/wp\/v2\/product_brand?post=24473"},{"taxonomy":"product_cat","embeddable":true,"href":"https:\/\/uj.adatbank.ro\/lexikon\/wp-json\/wp\/v2\/product_cat?post=24473"},{"taxonomy":"product_tag","embeddable":true,"href":"https:\/\/uj.adatbank.ro\/lexikon\/wp-json\/wp\/v2\/product_tag?post=24473"}],"curies":[{"name":"wp","href":"https:\/\/api.w.org\/{rel}","templated":true}]}}