{"id":24474,"date":"2025-08-01T18:08:47","date_gmt":"2025-08-01T16:08:47","guid":{"rendered":"https:\/\/uj.adatbank.ro\/lexikon\/termek\/veress-odon\/"},"modified":"2025-08-01T18:08:47","modified_gmt":"2025-08-01T16:08:47","slug":"veress-odon","status":"publish","type":"product","link":"https:\/\/uj.adatbank.ro\/lexikon\/termek\/veress-odon\/","title":{"rendered":"VERESS \u00d6d\u00f6n"},"content":{"rendered":"<p>1908., \u2020\u00a01963: orvos. \u2013 Ny\u00e1r\u00e1dszered\u00e1ban k\u00f6rzeti orvos. <br \/><strong>\u2013 Irod.:<\/strong> Kiss\u2013P\u00e9terffy\u2013P\u00e9terffy.<\/br><\/p>\n","protected":false},"excerpt":{"rendered":"<p>1908., \u2020\u00a01963: orvos. \u2013 Ny\u00e1r\u00e1dszered\u00e1ban k\u00f6rzeti orvos. \u2013 Irod.: Kiss\u2013P\u00e9terffy\u2013P\u00e9terffy.<\/p>\n","protected":false},"featured_media":0,"comment_status":"open","ping_status":"closed","template":"","meta":[],"product_brand":[],"product_cat":[137],"product_tag":[],"class_list":{"0":"post-24474","1":"product","2":"type-product","3":"status-publish","5":"product_cat-maros-megyei-eletrajzi-lexikon","7":"first","8":"instock","9":"shipping-taxable","10":"product-type-simple"},"_links":{"self":[{"href":"https:\/\/uj.adatbank.ro\/lexikon\/wp-json\/wp\/v2\/product\/24474","targetHints":{"allow":["GET"]}}],"collection":[{"href":"https:\/\/uj.adatbank.ro\/lexikon\/wp-json\/wp\/v2\/product"}],"about":[{"href":"https:\/\/uj.adatbank.ro\/lexikon\/wp-json\/wp\/v2\/types\/product"}],"replies":[{"embeddable":true,"href":"https:\/\/uj.adatbank.ro\/lexikon\/wp-json\/wp\/v2\/comments?post=24474"}],"wp:attachment":[{"href":"https:\/\/uj.adatbank.ro\/lexikon\/wp-json\/wp\/v2\/media?parent=24474"}],"wp:term":[{"taxonomy":"product_brand","embeddable":true,"href":"https:\/\/uj.adatbank.ro\/lexikon\/wp-json\/wp\/v2\/product_brand?post=24474"},{"taxonomy":"product_cat","embeddable":true,"href":"https:\/\/uj.adatbank.ro\/lexikon\/wp-json\/wp\/v2\/product_cat?post=24474"},{"taxonomy":"product_tag","embeddable":true,"href":"https:\/\/uj.adatbank.ro\/lexikon\/wp-json\/wp\/v2\/product_tag?post=24474"}],"curies":[{"name":"wp","href":"https:\/\/api.w.org\/{rel}","templated":true}]}}