{"id":24478,"date":"2025-08-01T18:08:55","date_gmt":"2025-08-01T16:08:55","guid":{"rendered":"https:\/\/uj.adatbank.ro\/lexikon\/termek\/veress-sandor-2\/"},"modified":"2025-08-01T18:08:55","modified_gmt":"2025-08-01T16:08:55","slug":"veress-sandor-2","status":"publish","type":"product","link":"https:\/\/uj.adatbank.ro\/lexikon\/termek\/veress-sandor-2\/","title":{"rendered":"VERESS S\u00e1ndor"},"content":{"rendered":"<p>Magyarb\u00f6lk\u00e9ny, 1892., \u2020\u00a0?: gazd\u00e1lkod\u00f3. \u2013 A sz\u00fcleit\u0151l tanult gazd\u00e1lkodni, majd \u00f6n\u00e1ll\u00f3 lett Vajdaszentiv\u00e1nyon. Az els\u0151 vh.-ban az orosz, olasz, francia fronton harcolt mint szakaszvezet\u0151, megsebes\u00fclt, k\u00e9t II. o. ez\u00fcst, bronz vit. \u00e9. a n\u00e9met szolg\u00e1lati \u00e9s a K\u00e1roly Csapatkereszt kit\u00fcntetettje. Az egyh\u00e1ztan\u00e1cs, a Gazdak\u00f6r \u00e9s a MP tagja, a Hangya fel\u00fcgyel\u0151bizotts\u00e1g tagja volt. <br \/><strong>\u2013 Irod.:<\/strong> Sz\u00e9kelyf\u00f6ld \u00ed. k.<\/br><\/p>\n","protected":false},"excerpt":{"rendered":"<p>Magyarb\u00f6lk\u00e9ny, 1892., \u2020\u00a0?: gazd\u00e1lkod\u00f3. \u2013 A sz\u00fcleit\u0151l tanult gazd\u00e1lkodni, majd \u00f6n\u00e1ll\u00f3 lett Vajdaszentiv\u00e1nyon. Az els\u0151 vh.-ban az orosz, olasz, francia fronton harcolt mint szakaszvezet\u0151, megsebes\u00fclt, k\u00e9t II. o. ez\u00fcst, bronz vit. \u00e9. a n\u00e9met szolg\u00e1lati \u00e9s a K\u00e1roly Csapatkereszt kit\u00fcntetettje. Az egyh\u00e1ztan\u00e1cs, a Gazdak\u00f6r \u00e9s a MP tagja, a Hangya fel\u00fcgyel\u0151bizotts\u00e1g tagja volt. \u2013 Irod.: [&hellip;]<\/p>\n","protected":false},"featured_media":0,"comment_status":"open","ping_status":"closed","template":"","meta":[],"product_brand":[],"product_cat":[137],"product_tag":[],"class_list":{"0":"post-24478","1":"product","2":"type-product","3":"status-publish","5":"product_cat-maros-megyei-eletrajzi-lexikon","7":"first","8":"instock","9":"shipping-taxable","10":"product-type-simple"},"_links":{"self":[{"href":"https:\/\/uj.adatbank.ro\/lexikon\/wp-json\/wp\/v2\/product\/24478","targetHints":{"allow":["GET"]}}],"collection":[{"href":"https:\/\/uj.adatbank.ro\/lexikon\/wp-json\/wp\/v2\/product"}],"about":[{"href":"https:\/\/uj.adatbank.ro\/lexikon\/wp-json\/wp\/v2\/types\/product"}],"replies":[{"embeddable":true,"href":"https:\/\/uj.adatbank.ro\/lexikon\/wp-json\/wp\/v2\/comments?post=24478"}],"wp:attachment":[{"href":"https:\/\/uj.adatbank.ro\/lexikon\/wp-json\/wp\/v2\/media?parent=24478"}],"wp:term":[{"taxonomy":"product_brand","embeddable":true,"href":"https:\/\/uj.adatbank.ro\/lexikon\/wp-json\/wp\/v2\/product_brand?post=24478"},{"taxonomy":"product_cat","embeddable":true,"href":"https:\/\/uj.adatbank.ro\/lexikon\/wp-json\/wp\/v2\/product_cat?post=24478"},{"taxonomy":"product_tag","embeddable":true,"href":"https:\/\/uj.adatbank.ro\/lexikon\/wp-json\/wp\/v2\/product_tag?post=24478"}],"curies":[{"name":"wp","href":"https:\/\/api.w.org\/{rel}","templated":true}]}}