{"id":24480,"date":"2025-08-01T18:09:01","date_gmt":"2025-08-01T16:09:01","guid":{"rendered":"https:\/\/uj.adatbank.ro\/lexikon\/termek\/veress-sandor-4\/"},"modified":"2025-08-01T18:09:01","modified_gmt":"2025-08-01T16:09:01","slug":"veress-sandor-4","status":"publish","type":"product","link":"https:\/\/uj.adatbank.ro\/lexikon\/termek\/veress-sandor-4\/","title":{"rendered":"VERESS S\u00e1ndor"},"content":{"rendered":"<p>? \u2020\u00a0?: bokszol\u00f3, edz\u0151. \u2013 Az 1934\u201340 es \u00e9vek egyik kiv\u00e1l\u00f3 mv.-i sportol\u00f3ja. <br \/><strong>\u2013 Irod.:<\/strong> N\u00fa. (1999. j\u00fal. 8.); Pluh\u00e1r.<\/br><\/p>\n","protected":false},"excerpt":{"rendered":"<p>? \u2020\u00a0?: bokszol\u00f3, edz\u0151. \u2013 Az 1934\u201340 es \u00e9vek egyik kiv\u00e1l\u00f3 mv.-i sportol\u00f3ja. \u2013 Irod.: N\u00fa. (1999. j\u00fal. 8.); Pluh\u00e1r.<\/p>\n","protected":false},"featured_media":0,"comment_status":"open","ping_status":"closed","template":"","meta":[],"product_brand":[],"product_cat":[137],"product_tag":[],"class_list":{"0":"post-24480","1":"product","2":"type-product","3":"status-publish","5":"product_cat-maros-megyei-eletrajzi-lexikon","7":"first","8":"instock","9":"shipping-taxable","10":"product-type-simple"},"_links":{"self":[{"href":"https:\/\/uj.adatbank.ro\/lexikon\/wp-json\/wp\/v2\/product\/24480","targetHints":{"allow":["GET"]}}],"collection":[{"href":"https:\/\/uj.adatbank.ro\/lexikon\/wp-json\/wp\/v2\/product"}],"about":[{"href":"https:\/\/uj.adatbank.ro\/lexikon\/wp-json\/wp\/v2\/types\/product"}],"replies":[{"embeddable":true,"href":"https:\/\/uj.adatbank.ro\/lexikon\/wp-json\/wp\/v2\/comments?post=24480"}],"wp:attachment":[{"href":"https:\/\/uj.adatbank.ro\/lexikon\/wp-json\/wp\/v2\/media?parent=24480"}],"wp:term":[{"taxonomy":"product_brand","embeddable":true,"href":"https:\/\/uj.adatbank.ro\/lexikon\/wp-json\/wp\/v2\/product_brand?post=24480"},{"taxonomy":"product_cat","embeddable":true,"href":"https:\/\/uj.adatbank.ro\/lexikon\/wp-json\/wp\/v2\/product_cat?post=24480"},{"taxonomy":"product_tag","embeddable":true,"href":"https:\/\/uj.adatbank.ro\/lexikon\/wp-json\/wp\/v2\/product_tag?post=24480"}],"curies":[{"name":"wp","href":"https:\/\/api.w.org\/{rel}","templated":true}]}}