{"id":24482,"date":"2025-08-01T18:09:05","date_gmt":"2025-08-01T16:09:05","guid":{"rendered":"https:\/\/uj.adatbank.ro\/lexikon\/termek\/veress-veszi-maria-dr\/"},"modified":"2025-08-01T18:09:05","modified_gmt":"2025-08-01T16:09:05","slug":"veress-veszi-maria-dr","status":"publish","type":"product","link":"https:\/\/uj.adatbank.ro\/lexikon\/termek\/veress-veszi-maria-dr\/","title":{"rendered":"VERESS V\u00e9szi M\u00e1ria, dr."},"content":{"rendered":"<p>Mv., 1938, \u2020 2020: orvos. \u2013 Mv.-en v\u00e9gzett (1963). \u2013 F\u00e9rje: Dr. Veress P\u00e1l. Kitelep\u00fcltek N\u00e9metorsz\u00e1gba, ott halt meg \u00e9s ott temett\u00e9k el. <br \/><strong>\u2013 Irod.:<\/strong> Kiss Cs.M 4.<\/br><\/p>\n","protected":false},"excerpt":{"rendered":"<p>Mv., 1938, \u2020 2020: orvos. \u2013 Mv.-en v\u00e9gzett (1963). \u2013 F\u00e9rje: Dr. Veress P\u00e1l. Kitelep\u00fcltek N\u00e9metorsz\u00e1gba, ott halt meg \u00e9s ott temett\u00e9k el. \u2013 Irod.: Kiss Cs.M 4.<\/p>\n","protected":false},"featured_media":0,"comment_status":"open","ping_status":"closed","template":"","meta":[],"product_brand":[],"product_cat":[137],"product_tag":[],"class_list":{"0":"post-24482","1":"product","2":"type-product","3":"status-publish","5":"product_cat-maros-megyei-eletrajzi-lexikon","7":"first","8":"instock","9":"shipping-taxable","10":"product-type-simple"},"_links":{"self":[{"href":"https:\/\/uj.adatbank.ro\/lexikon\/wp-json\/wp\/v2\/product\/24482","targetHints":{"allow":["GET"]}}],"collection":[{"href":"https:\/\/uj.adatbank.ro\/lexikon\/wp-json\/wp\/v2\/product"}],"about":[{"href":"https:\/\/uj.adatbank.ro\/lexikon\/wp-json\/wp\/v2\/types\/product"}],"replies":[{"embeddable":true,"href":"https:\/\/uj.adatbank.ro\/lexikon\/wp-json\/wp\/v2\/comments?post=24482"}],"wp:attachment":[{"href":"https:\/\/uj.adatbank.ro\/lexikon\/wp-json\/wp\/v2\/media?parent=24482"}],"wp:term":[{"taxonomy":"product_brand","embeddable":true,"href":"https:\/\/uj.adatbank.ro\/lexikon\/wp-json\/wp\/v2\/product_brand?post=24482"},{"taxonomy":"product_cat","embeddable":true,"href":"https:\/\/uj.adatbank.ro\/lexikon\/wp-json\/wp\/v2\/product_cat?post=24482"},{"taxonomy":"product_tag","embeddable":true,"href":"https:\/\/uj.adatbank.ro\/lexikon\/wp-json\/wp\/v2\/product_tag?post=24482"}],"curies":[{"name":"wp","href":"https:\/\/api.w.org\/{rel}","templated":true}]}}