{"id":24485,"date":"2025-08-01T18:09:11","date_gmt":"2025-08-01T16:09:11","guid":{"rendered":"https:\/\/uj.adatbank.ro\/lexikon\/termek\/veress-zoltan-3\/"},"modified":"2025-08-01T18:09:11","modified_gmt":"2025-08-01T16:09:11","slug":"veress-zoltan-3","status":"publish","type":"product","link":"https:\/\/uj.adatbank.ro\/lexikon\/termek\/veress-zoltan-3\/","title":{"rendered":"VERESS Zolt\u00e1n"},"content":{"rendered":"<p>Mv., 1901. j\u00fal. 19., \u2020 V\u00e1c, 1965. okt. 16.: vegy\u00e9szm\u00e9rn\u00f6k. \u2013 A bp.-i m\u0171egy.-en vegy\u00e9szm\u00e9rn\u00f6ki oklevelet szerzett (1925). A bp.-i m\u0171egy.-en, majd a bp.-i iparm\u0171v. isk.-ban tan\u00e1rseg\u00e9d (1925\u201335). \u00d6n\u00e1ll\u00f3 kisiparos (1936\u201340). Kidolgozta az \u00e1ltala ergonnak nevezett t\u0171z\u00e1ll\u00f3 \u00fcveg gy\u00e1rt\u00e1si technol\u00f3gi\u00e1j\u00e1t, amelynek nagy\u00fczemi gy\u00e1rt\u00e1s\u00e1ra megalap\u00edtotta a karcagi \u00fcveggy\u00e1rat (1940), amelynek m\u0171szaki vezet\u0151je (1950\u2013). Optikai \u00fcvegk\u00eds\u00e9rletei sor\u00e1n szerzett t\u00f3rium-sug\u00e1rfert\u0151z\u00e9s k\u00f6vetkezt\u00e9ben halt meg. Az 1950-es \u00e9vek els\u0151 fel\u00e9ben tud. kutat\u00e1sai \u00e9s \u00fczemi k\u00eds\u00e9rletei sor\u00e1n megoldotta a h\u00edrad\u00e1stechnikai C\u20139 \u00e9s G\u201328 jel\u0171 speci\u00e1lis \u00fcvegt\u00edpusok el\u0151\u00e1ll\u00edt\u00e1s\u00e1t. Az \u00fcveggy\u00e1rt\u00e1s min\u0151s\u00e9g\u00e9nek jav\u00edt\u00e1sa \u00e9rdek\u00e9ben t\u00f6bb m\u0171szert szerk., valamint k\u00fcl\u00f6nleges biol\u00f3giai sz\u0171r\u0151berendez\u00e9seket \u00e1ll\u00edtott el\u0151. Tanulm\u00e1nyozta az \u00fcvegnek f\u00fav\u00f3l\u00e1nggal t\u00f6rt\u00e9n\u0151 megmunk\u00e1l\u00e1s\u00e1t, \u00fcvegfigur\u00e1kat \u00e9s k\u00fcl\u00f6nleges sz\u00ednez\u00e9s\u0171 m\u00e1zzal bevont ker\u00e1miat\u00e1rgyakat k\u00e9sz\u00edtett. Sz\u00e1mos, speci\u00e1lis c\u00e9lokat szolg\u00e1l\u00f3 \u00fcvegfajt\u00e1t dolgozott ki. T\u00f6bb szabadalm\u00e1t jegyezt\u00e9k be. Az \u00fcveggy\u00e1rt\u00e1s mellett egy\u00e9b t\u00e9m\u00e1kkal is foglalkozott, pl. rovarokr\u00f3l, p\u00f3kokr\u00f3l k\u00e9sz\u00edtett 100-szoros nagy\u00edt\u00e1si m\u00e1solatokat (Br\u00fcsszeli vil\u00e1gki\u00e1ll\u00edt\u00e1s, 1964). Kossuth-d\u00edj (1954). <br \/><strong>\u2013 Irod.:<\/strong> M\u00c9L; \u00daM\u00c9L.<\/br><\/p>\n","protected":false},"excerpt":{"rendered":"<p>Mv., 1901. j\u00fal. 19., \u2020 V\u00e1c, 1965. okt. 16.: vegy\u00e9szm\u00e9rn\u00f6k. \u2013 A bp.-i m\u0171egy.-en vegy\u00e9szm\u00e9rn\u00f6ki oklevelet szerzett (1925). A bp.-i m\u0171egy.-en, majd a bp.-i iparm\u0171v. isk.-ban tan\u00e1rseg\u00e9d (1925\u201335). \u00d6n\u00e1ll\u00f3 kisiparos (1936\u201340). Kidolgozta az \u00e1ltala ergonnak nevezett t\u0171z\u00e1ll\u00f3 \u00fcveg gy\u00e1rt\u00e1si technol\u00f3gi\u00e1j\u00e1t, amelynek nagy\u00fczemi gy\u00e1rt\u00e1s\u00e1ra megalap\u00edtotta a karcagi \u00fcveggy\u00e1rat (1940), amelynek m\u0171szaki vezet\u0151je (1950\u2013). Optikai \u00fcvegk\u00eds\u00e9rletei sor\u00e1n [&hellip;]<\/p>\n","protected":false},"featured_media":0,"comment_status":"open","ping_status":"closed","template":"","meta":[],"product_brand":[],"product_cat":[137],"product_tag":[],"class_list":{"0":"post-24485","1":"product","2":"type-product","3":"status-publish","5":"product_cat-maros-megyei-eletrajzi-lexikon","7":"first","8":"instock","9":"shipping-taxable","10":"product-type-simple"},"_links":{"self":[{"href":"https:\/\/uj.adatbank.ro\/lexikon\/wp-json\/wp\/v2\/product\/24485","targetHints":{"allow":["GET"]}}],"collection":[{"href":"https:\/\/uj.adatbank.ro\/lexikon\/wp-json\/wp\/v2\/product"}],"about":[{"href":"https:\/\/uj.adatbank.ro\/lexikon\/wp-json\/wp\/v2\/types\/product"}],"replies":[{"embeddable":true,"href":"https:\/\/uj.adatbank.ro\/lexikon\/wp-json\/wp\/v2\/comments?post=24485"}],"wp:attachment":[{"href":"https:\/\/uj.adatbank.ro\/lexikon\/wp-json\/wp\/v2\/media?parent=24485"}],"wp:term":[{"taxonomy":"product_brand","embeddable":true,"href":"https:\/\/uj.adatbank.ro\/lexikon\/wp-json\/wp\/v2\/product_brand?post=24485"},{"taxonomy":"product_cat","embeddable":true,"href":"https:\/\/uj.adatbank.ro\/lexikon\/wp-json\/wp\/v2\/product_cat?post=24485"},{"taxonomy":"product_tag","embeddable":true,"href":"https:\/\/uj.adatbank.ro\/lexikon\/wp-json\/wp\/v2\/product_tag?post=24485"}],"curies":[{"name":"wp","href":"https:\/\/api.w.org\/{rel}","templated":true}]}}