{"id":24488,"date":"2025-08-01T18:09:17","date_gmt":"2025-08-01T16:09:17","guid":{"rendered":"https:\/\/uj.adatbank.ro\/lexikon\/termek\/verestoi-istvan-cseri\/"},"modified":"2025-08-01T18:09:17","modified_gmt":"2025-08-01T16:09:17","slug":"verestoi-istvan-cseri","status":"publish","type":"product","link":"https:\/\/uj.adatbank.ro\/lexikon\/termek\/verestoi-istvan-cseri\/","title":{"rendered":"VEREST\u00d3I Istv\u00e1n, cs\u00e9ri"},"content":{"rendered":"<p>? \u2020\u00a0?: mv.-i tan\u00e1csos. \u2013 A mv.-i minorit\u00e1k templom\u00e1ba nagy m\u00e9ret\u0171 Nepomuki Szent J\u00e1nos olt\u00e1rk\u00e9pet k\u00e9sz\u00edttetett (1744). <br \/><strong>\u2013 Irod.:<\/strong> Fogarasi; Millenniumi ki\u00e1ll.<\/br><\/p>\n","protected":false},"excerpt":{"rendered":"<p>? \u2020\u00a0?: mv.-i tan\u00e1csos. \u2013 A mv.-i minorit\u00e1k templom\u00e1ba nagy m\u00e9ret\u0171 Nepomuki Szent J\u00e1nos olt\u00e1rk\u00e9pet k\u00e9sz\u00edttetett (1744). \u2013 Irod.: Fogarasi; Millenniumi ki\u00e1ll.<\/p>\n","protected":false},"featured_media":0,"comment_status":"open","ping_status":"closed","template":"","meta":[],"product_brand":[],"product_cat":[137],"product_tag":[],"class_list":{"0":"post-24488","1":"product","2":"type-product","3":"status-publish","5":"product_cat-maros-megyei-eletrajzi-lexikon","7":"first","8":"instock","9":"shipping-taxable","10":"product-type-simple"},"_links":{"self":[{"href":"https:\/\/uj.adatbank.ro\/lexikon\/wp-json\/wp\/v2\/product\/24488","targetHints":{"allow":["GET"]}}],"collection":[{"href":"https:\/\/uj.adatbank.ro\/lexikon\/wp-json\/wp\/v2\/product"}],"about":[{"href":"https:\/\/uj.adatbank.ro\/lexikon\/wp-json\/wp\/v2\/types\/product"}],"replies":[{"embeddable":true,"href":"https:\/\/uj.adatbank.ro\/lexikon\/wp-json\/wp\/v2\/comments?post=24488"}],"wp:attachment":[{"href":"https:\/\/uj.adatbank.ro\/lexikon\/wp-json\/wp\/v2\/media?parent=24488"}],"wp:term":[{"taxonomy":"product_brand","embeddable":true,"href":"https:\/\/uj.adatbank.ro\/lexikon\/wp-json\/wp\/v2\/product_brand?post=24488"},{"taxonomy":"product_cat","embeddable":true,"href":"https:\/\/uj.adatbank.ro\/lexikon\/wp-json\/wp\/v2\/product_cat?post=24488"},{"taxonomy":"product_tag","embeddable":true,"href":"https:\/\/uj.adatbank.ro\/lexikon\/wp-json\/wp\/v2\/product_tag?post=24488"}],"curies":[{"name":"wp","href":"https:\/\/api.w.org\/{rel}","templated":true}]}}