{"id":24489,"date":"2025-08-01T18:09:21","date_gmt":"2025-08-01T16:09:21","guid":{"rendered":"https:\/\/uj.adatbank.ro\/lexikon\/termek\/verestoi-pal-bonyhai\/"},"modified":"2025-08-01T18:09:21","modified_gmt":"2025-08-01T16:09:21","slug":"verestoi-pal-bonyhai","status":"publish","type":"product","link":"https:\/\/uj.adatbank.ro\/lexikon\/termek\/verestoi-pal-bonyhai\/","title":{"rendered":"VEREST\u00d3I P\u00e1l, bonyhai"},"content":{"rendered":"<p>? \u2020\u00a0Mv., 1761: csizmadia mester, tan\u00e1cstag. \u2013 Mv.-en csizmadia mester, a v\u00e1rosi tan\u00e1cs tagja. Fogarasi S\u00e1muel nagyapja. <br \/><strong>\u2013 Irod.:<\/strong> Fogarasi.<\/br><\/p>\n","protected":false},"excerpt":{"rendered":"<p>? \u2020\u00a0Mv., 1761: csizmadia mester, tan\u00e1cstag. \u2013 Mv.-en csizmadia mester, a v\u00e1rosi tan\u00e1cs tagja. Fogarasi S\u00e1muel nagyapja. \u2013 Irod.: Fogarasi.<\/p>\n","protected":false},"featured_media":0,"comment_status":"open","ping_status":"closed","template":"","meta":[],"product_brand":[],"product_cat":[137],"product_tag":[],"class_list":{"0":"post-24489","1":"product","2":"type-product","3":"status-publish","5":"product_cat-maros-megyei-eletrajzi-lexikon","7":"first","8":"instock","9":"shipping-taxable","10":"product-type-simple"},"_links":{"self":[{"href":"https:\/\/uj.adatbank.ro\/lexikon\/wp-json\/wp\/v2\/product\/24489","targetHints":{"allow":["GET"]}}],"collection":[{"href":"https:\/\/uj.adatbank.ro\/lexikon\/wp-json\/wp\/v2\/product"}],"about":[{"href":"https:\/\/uj.adatbank.ro\/lexikon\/wp-json\/wp\/v2\/types\/product"}],"replies":[{"embeddable":true,"href":"https:\/\/uj.adatbank.ro\/lexikon\/wp-json\/wp\/v2\/comments?post=24489"}],"wp:attachment":[{"href":"https:\/\/uj.adatbank.ro\/lexikon\/wp-json\/wp\/v2\/media?parent=24489"}],"wp:term":[{"taxonomy":"product_brand","embeddable":true,"href":"https:\/\/uj.adatbank.ro\/lexikon\/wp-json\/wp\/v2\/product_brand?post=24489"},{"taxonomy":"product_cat","embeddable":true,"href":"https:\/\/uj.adatbank.ro\/lexikon\/wp-json\/wp\/v2\/product_cat?post=24489"},{"taxonomy":"product_tag","embeddable":true,"href":"https:\/\/uj.adatbank.ro\/lexikon\/wp-json\/wp\/v2\/product_tag?post=24489"}],"curies":[{"name":"wp","href":"https:\/\/api.w.org\/{rel}","templated":true}]}}