{"id":24493,"date":"2025-08-01T18:09:30","date_gmt":"2025-08-01T16:09:30","guid":{"rendered":"https:\/\/uj.adatbank.ro\/lexikon\/termek\/vertan-pal\/"},"modified":"2025-08-01T18:09:30","modified_gmt":"2025-08-01T16:09:30","slug":"vertan-pal","status":"publish","type":"product","link":"https:\/\/uj.adatbank.ro\/lexikon\/termek\/vertan-pal\/","title":{"rendered":"VERT\u00c1N P\u00e1l"},"content":{"rendered":"<p>? \u2020\u00a0?: tan\u00e1r. \u2013 T\u00f6rt\u00e9nelem-f\u00f6ldrajz tan\u00e1r a mv.-i R. K. Gimn\u00e1ziumban (1900\u201340). <br \/><strong>\u2013 Irod.:<\/strong> Kinizsi Istv\u00e1n: \u00dcnnepelt\u00fcnk \u00e9s eml\u00e9kezt\u00fcnk (N\u00fa., 2002. j\u00fal. 11.).<\/br><\/p>\n","protected":false},"excerpt":{"rendered":"<p>? \u2020\u00a0?: tan\u00e1r. \u2013 T\u00f6rt\u00e9nelem-f\u00f6ldrajz tan\u00e1r a mv.-i R. K. Gimn\u00e1ziumban (1900\u201340). \u2013 Irod.: Kinizsi Istv\u00e1n: \u00dcnnepelt\u00fcnk \u00e9s eml\u00e9kezt\u00fcnk (N\u00fa., 2002. j\u00fal. 11.).<\/p>\n","protected":false},"featured_media":0,"comment_status":"open","ping_status":"closed","template":"","meta":[],"product_brand":[],"product_cat":[137],"product_tag":[],"class_list":{"0":"post-24493","1":"product","2":"type-product","3":"status-publish","5":"product_cat-maros-megyei-eletrajzi-lexikon","7":"first","8":"instock","9":"shipping-taxable","10":"product-type-simple"},"_links":{"self":[{"href":"https:\/\/uj.adatbank.ro\/lexikon\/wp-json\/wp\/v2\/product\/24493","targetHints":{"allow":["GET"]}}],"collection":[{"href":"https:\/\/uj.adatbank.ro\/lexikon\/wp-json\/wp\/v2\/product"}],"about":[{"href":"https:\/\/uj.adatbank.ro\/lexikon\/wp-json\/wp\/v2\/types\/product"}],"replies":[{"embeddable":true,"href":"https:\/\/uj.adatbank.ro\/lexikon\/wp-json\/wp\/v2\/comments?post=24493"}],"wp:attachment":[{"href":"https:\/\/uj.adatbank.ro\/lexikon\/wp-json\/wp\/v2\/media?parent=24493"}],"wp:term":[{"taxonomy":"product_brand","embeddable":true,"href":"https:\/\/uj.adatbank.ro\/lexikon\/wp-json\/wp\/v2\/product_brand?post=24493"},{"taxonomy":"product_cat","embeddable":true,"href":"https:\/\/uj.adatbank.ro\/lexikon\/wp-json\/wp\/v2\/product_cat?post=24493"},{"taxonomy":"product_tag","embeddable":true,"href":"https:\/\/uj.adatbank.ro\/lexikon\/wp-json\/wp\/v2\/product_tag?post=24493"}],"curies":[{"name":"wp","href":"https:\/\/api.w.org\/{rel}","templated":true}]}}