{"id":24498,"date":"2025-08-01T18:09:40","date_gmt":"2025-08-01T16:09:40","guid":{"rendered":"https:\/\/uj.adatbank.ro\/lexikon\/termek\/verzar-janos\/"},"modified":"2025-08-01T18:09:40","modified_gmt":"2025-08-01T16:09:40","slug":"verzar-janos","status":"publish","type":"product","link":"https:\/\/uj.adatbank.ro\/lexikon\/termek\/verzar-janos\/","title":{"rendered":"VERZ\u00c1R J\u00e1nos"},"content":{"rendered":"<p>Mv., 1859 \u2020 ?: orvos. \u2013 Kv.-on nyert orvosdoktori oklevelet (1885). <br \/><strong>\u2013 Irod.:<\/strong> Ol\u00e1h G\u00e1l R\u00f3bert: Az els\u0151 mv.-i doktorok (N\u00fa., Sz\u00ednes Vil\u00e1g, 2012. j\u00fan. 16.).<\/br><\/p>\n","protected":false},"excerpt":{"rendered":"<p>Mv., 1859 \u2020 ?: orvos. \u2013 Kv.-on nyert orvosdoktori oklevelet (1885). \u2013 Irod.: Ol\u00e1h G\u00e1l R\u00f3bert: Az els\u0151 mv.-i doktorok (N\u00fa., Sz\u00ednes Vil\u00e1g, 2012. j\u00fan. 16.).<\/p>\n","protected":false},"featured_media":0,"comment_status":"open","ping_status":"closed","template":"","meta":[],"product_brand":[],"product_cat":[137],"product_tag":[],"class_list":{"0":"post-24498","1":"product","2":"type-product","3":"status-publish","5":"product_cat-maros-megyei-eletrajzi-lexikon","7":"first","8":"instock","9":"shipping-taxable","10":"product-type-simple"},"_links":{"self":[{"href":"https:\/\/uj.adatbank.ro\/lexikon\/wp-json\/wp\/v2\/product\/24498","targetHints":{"allow":["GET"]}}],"collection":[{"href":"https:\/\/uj.adatbank.ro\/lexikon\/wp-json\/wp\/v2\/product"}],"about":[{"href":"https:\/\/uj.adatbank.ro\/lexikon\/wp-json\/wp\/v2\/types\/product"}],"replies":[{"embeddable":true,"href":"https:\/\/uj.adatbank.ro\/lexikon\/wp-json\/wp\/v2\/comments?post=24498"}],"wp:attachment":[{"href":"https:\/\/uj.adatbank.ro\/lexikon\/wp-json\/wp\/v2\/media?parent=24498"}],"wp:term":[{"taxonomy":"product_brand","embeddable":true,"href":"https:\/\/uj.adatbank.ro\/lexikon\/wp-json\/wp\/v2\/product_brand?post=24498"},{"taxonomy":"product_cat","embeddable":true,"href":"https:\/\/uj.adatbank.ro\/lexikon\/wp-json\/wp\/v2\/product_cat?post=24498"},{"taxonomy":"product_tag","embeddable":true,"href":"https:\/\/uj.adatbank.ro\/lexikon\/wp-json\/wp\/v2\/product_tag?post=24498"}],"curies":[{"name":"wp","href":"https:\/\/api.w.org\/{rel}","templated":true}]}}