{"id":24499,"date":"2025-08-01T18:09:44","date_gmt":"2025-08-01T16:09:44","guid":{"rendered":"https:\/\/uj.adatbank.ro\/lexikon\/termek\/verzar-johanna-csiky-martonne\/"},"modified":"2025-08-01T18:09:44","modified_gmt":"2025-08-01T16:09:44","slug":"verzar-johanna-csiky-martonne","status":"publish","type":"product","link":"https:\/\/uj.adatbank.ro\/lexikon\/termek\/verzar-johanna-csiky-martonne\/","title":{"rendered":"VERZ\u00c1R Johanna, Cs\u00edky M\u00e1rtonn\u00e9"},"content":{"rendered":"<p>1778? \u2020 Mv., 1831. j\u00fan. 14. A mv.-i Keresztel\u0151 Szent J\u00e1nos-pl\u00e9b\u00e1nia kript\u00e1j\u00e1ba temett\u00e9k. <br \/><strong>\u2013 Irod.:<\/strong> Pusk\u00e1s Attila \u2013 s\u00edrfeliratok.<\/br><\/p>\n","protected":false},"excerpt":{"rendered":"<p>1778? \u2020 Mv., 1831. j\u00fan. 14. A mv.-i Keresztel\u0151 Szent J\u00e1nos-pl\u00e9b\u00e1nia kript\u00e1j\u00e1ba temett\u00e9k. \u2013 Irod.: Pusk\u00e1s Attila \u2013 s\u00edrfeliratok.<\/p>\n","protected":false},"featured_media":0,"comment_status":"open","ping_status":"closed","template":"","meta":[],"product_brand":[],"product_cat":[137],"product_tag":[],"class_list":{"0":"post-24499","1":"product","2":"type-product","3":"status-publish","5":"product_cat-maros-megyei-eletrajzi-lexikon","7":"first","8":"instock","9":"shipping-taxable","10":"product-type-simple"},"_links":{"self":[{"href":"https:\/\/uj.adatbank.ro\/lexikon\/wp-json\/wp\/v2\/product\/24499","targetHints":{"allow":["GET"]}}],"collection":[{"href":"https:\/\/uj.adatbank.ro\/lexikon\/wp-json\/wp\/v2\/product"}],"about":[{"href":"https:\/\/uj.adatbank.ro\/lexikon\/wp-json\/wp\/v2\/types\/product"}],"replies":[{"embeddable":true,"href":"https:\/\/uj.adatbank.ro\/lexikon\/wp-json\/wp\/v2\/comments?post=24499"}],"wp:attachment":[{"href":"https:\/\/uj.adatbank.ro\/lexikon\/wp-json\/wp\/v2\/media?parent=24499"}],"wp:term":[{"taxonomy":"product_brand","embeddable":true,"href":"https:\/\/uj.adatbank.ro\/lexikon\/wp-json\/wp\/v2\/product_brand?post=24499"},{"taxonomy":"product_cat","embeddable":true,"href":"https:\/\/uj.adatbank.ro\/lexikon\/wp-json\/wp\/v2\/product_cat?post=24499"},{"taxonomy":"product_tag","embeddable":true,"href":"https:\/\/uj.adatbank.ro\/lexikon\/wp-json\/wp\/v2\/product_tag?post=24499"}],"curies":[{"name":"wp","href":"https:\/\/api.w.org\/{rel}","templated":true}]}}