{"id":24503,"date":"2025-08-01T18:09:52","date_gmt":"2025-08-01T16:09:52","guid":{"rendered":"https:\/\/uj.adatbank.ro\/lexikon\/termek\/verzar-sandor\/"},"modified":"2025-08-01T18:09:52","modified_gmt":"2025-08-01T16:09:52","slug":"verzar-sandor","status":"publish","type":"product","link":"https:\/\/uj.adatbank.ro\/lexikon\/termek\/verzar-sandor\/","title":{"rendered":"VERZ\u00c1R S\u00e1ndor"},"content":{"rendered":"<p>? 1917., \u2020 Mv., 1990. dec. 7.: sportol\u00f3, asztaliteniszez\u0151, edz\u0151. \u2013 Sportp\u00e1lyafut\u00e1s\u00e1t futballistak\u00e9nt kezdte az A div\u00edzi\u00f3s Mure\u015ful csapat\u00e1ban (1937\u2013), a nagyv\u00e1radi A div\u00edzi\u00f3s NAC-ban folytatta, majd visszat\u00e9rt a Mure\u015fulhoz (1939\u2013), majd a Dermagant (1947\u2013), az ebb\u0151l alakult RATA \u00e9s az ebb\u0151l alakult CFR k\u00f6vetkezett (1947\u201352). Els\u0151 oszt\u00e1ly\u00fa szinten m\u0171korcsoly\u00e1zott, s\u00edzett \u00e9s teniszezett. Futball- \u00e9s pingpongedz\u0151i tanfolyamot v\u00e9gzett (1951). Suceav\u00e1n B div\u00edzi\u00f3s futballcsapatot edzett (1953\u201355). A mv.-i asztalitenisz legeredm\u00e9nyesebb szakembere. F\u00e9rfi egy\u00e9niben m\u00e1sodik, f\u00e9rfi p\u00e1rosban, So\u00f3s oldal\u00e1n els\u0151 lett (1946). A Mure\u0219ul \/Maros sz\u00edneiben a helyi csapatbajnoks\u00e1gon Erd\u00e9lyi, Kohn, Rosenfeld csapatt\u00e1rsaival, m\u00e1sodik helyezett a Bern\u00e1th Andor SE m\u00f6g\u00f6tt (1948). \u00c9s ugyanazon a versenyen egy\u00e9ni I. oszt. kateg\u00f3ri\u00e1ban a 3., a p\u00e1rosban Bar\u00e1tki oldal\u00e1n is a 3. Az \u00e9v legjobb csapata c\u00edm\u00e9t nyert\u00e9k el Erd\u00e9llyel \u00e9s Rosenfelddel (1949). Csapatban 2. helyez\u00e9s (1952), orsz\u00e1gos d\u00f6nt\u0151s csapatban \u00e9s egy\u00e9niben is (1953). A Dinamo Sportegyes\u00fclet alakult, melynek sz\u00edneiben minden meccs\u00e9t megnyerte Jakabovits, B\u00f6h \u00e9s Bernstein oldal\u00e1n (1955), az els\u0151 helyen v\u00e9gzett (1956-ban is). Az asztalitenisz szakoszt\u00e1ly edz\u0151je lett (1955\u201359), a csapata beker\u00fclt az A div\u00edzi\u00f3ba (1955\u2013). A Comer\u0163uln\u00e1l folytatta a csapat (1959\u2013). Az \u00c9p\u00edt\u0151k \/ Constructorul sportegyes\u00fclet\u00e9nek l\u00e1nyegy\u00fcttes\u00e9nek edz\u0151je (1982) \u00e9s a csapat a legjobbak k\u00f6z\u00e9 ker\u00fclt. Eml\u00e9k\u00e9re asztalitenisz eml\u00e9kversenyeket szerveztek Mv.-en (1994- ). <br \/><strong>\u2013 Irod.:<\/strong> Czimbalmos Ferencz-Attila: V. S.-ra eml\u00e9keztek (N\u00fa., 2014. nov. 17.); Czimbalmos Ferencz-Attila: V. S.-eml\u00e9kverseny: \u201eSzt\u00e1rokat nevelt, b\u00fcszk\u00e9k vagyunk r\u00e1\u201d (N\u00fa., 1997. dec. 3.); Demeter J\u00f3zsef: Edz\u0151k f\u00f3ruma: V. S. (V. Z., 1980. dec. 2.); [Nekrol\u00f3g](N\u00fa., 1990. dec. 8.).<\/br><\/p>\n","protected":false},"excerpt":{"rendered":"<p>? 1917., \u2020 Mv., 1990. dec. 7.: sportol\u00f3, asztaliteniszez\u0151, edz\u0151. \u2013 Sportp\u00e1lyafut\u00e1s\u00e1t futballistak\u00e9nt kezdte az A div\u00edzi\u00f3s Mure\u015ful csapat\u00e1ban (1937\u2013), a nagyv\u00e1radi A div\u00edzi\u00f3s NAC-ban folytatta, majd visszat\u00e9rt a Mure\u015fulhoz (1939\u2013), majd a Dermagant (1947\u2013), az ebb\u0151l alakult RATA \u00e9s az ebb\u0151l alakult CFR k\u00f6vetkezett (1947\u201352). Els\u0151 oszt\u00e1ly\u00fa szinten m\u0171korcsoly\u00e1zott, s\u00edzett \u00e9s teniszezett. Futball- \u00e9s [&hellip;]<\/p>\n","protected":false},"featured_media":0,"comment_status":"open","ping_status":"closed","template":"","meta":[],"product_brand":[],"product_cat":[137],"product_tag":[],"class_list":{"0":"post-24503","1":"product","2":"type-product","3":"status-publish","5":"product_cat-maros-megyei-eletrajzi-lexikon","7":"first","8":"instock","9":"shipping-taxable","10":"product-type-simple"},"_links":{"self":[{"href":"https:\/\/uj.adatbank.ro\/lexikon\/wp-json\/wp\/v2\/product\/24503","targetHints":{"allow":["GET"]}}],"collection":[{"href":"https:\/\/uj.adatbank.ro\/lexikon\/wp-json\/wp\/v2\/product"}],"about":[{"href":"https:\/\/uj.adatbank.ro\/lexikon\/wp-json\/wp\/v2\/types\/product"}],"replies":[{"embeddable":true,"href":"https:\/\/uj.adatbank.ro\/lexikon\/wp-json\/wp\/v2\/comments?post=24503"}],"wp:attachment":[{"href":"https:\/\/uj.adatbank.ro\/lexikon\/wp-json\/wp\/v2\/media?parent=24503"}],"wp:term":[{"taxonomy":"product_brand","embeddable":true,"href":"https:\/\/uj.adatbank.ro\/lexikon\/wp-json\/wp\/v2\/product_brand?post=24503"},{"taxonomy":"product_cat","embeddable":true,"href":"https:\/\/uj.adatbank.ro\/lexikon\/wp-json\/wp\/v2\/product_cat?post=24503"},{"taxonomy":"product_tag","embeddable":true,"href":"https:\/\/uj.adatbank.ro\/lexikon\/wp-json\/wp\/v2\/product_tag?post=24503"}],"curies":[{"name":"wp","href":"https:\/\/api.w.org\/{rel}","templated":true}]}}