{"id":24505,"date":"2025-08-01T18:09:56","date_gmt":"2025-08-01T16:09:56","guid":{"rendered":"https:\/\/uj.adatbank.ro\/lexikon\/termek\/verzea-sofia\/"},"modified":"2025-08-01T18:09:56","modified_gmt":"2025-08-01T16:09:56","slug":"verzea-sofia","status":"publish","type":"product","link":"https:\/\/uj.adatbank.ro\/lexikon\/termek\/verzea-sofia\/","title":{"rendered":"VERZEA, Sofia"},"content":{"rendered":"<p>? \u2020 ?: tan\u00e1r. \u2013 A mv.-i Fels\u0151bb Kereskedelmi Iskol\u00e1ban tan\u00edtott (1928\u201329 \u00e9s 1931\u201341). <br \/><strong>\u2013 Irod.:<\/strong> \u00cenv. comercial econ.<\/br><\/p>\n","protected":false},"excerpt":{"rendered":"<p>? \u2020 ?: tan\u00e1r. \u2013 A mv.-i Fels\u0151bb Kereskedelmi Iskol\u00e1ban tan\u00edtott (1928\u201329 \u00e9s 1931\u201341). \u2013 Irod.: \u00cenv. comercial econ.<\/p>\n","protected":false},"featured_media":0,"comment_status":"open","ping_status":"closed","template":"","meta":[],"product_brand":[],"product_cat":[137],"product_tag":[],"class_list":{"0":"post-24505","1":"product","2":"type-product","3":"status-publish","5":"product_cat-maros-megyei-eletrajzi-lexikon","7":"first","8":"instock","9":"shipping-taxable","10":"product-type-simple"},"_links":{"self":[{"href":"https:\/\/uj.adatbank.ro\/lexikon\/wp-json\/wp\/v2\/product\/24505","targetHints":{"allow":["GET"]}}],"collection":[{"href":"https:\/\/uj.adatbank.ro\/lexikon\/wp-json\/wp\/v2\/product"}],"about":[{"href":"https:\/\/uj.adatbank.ro\/lexikon\/wp-json\/wp\/v2\/types\/product"}],"replies":[{"embeddable":true,"href":"https:\/\/uj.adatbank.ro\/lexikon\/wp-json\/wp\/v2\/comments?post=24505"}],"wp:attachment":[{"href":"https:\/\/uj.adatbank.ro\/lexikon\/wp-json\/wp\/v2\/media?parent=24505"}],"wp:term":[{"taxonomy":"product_brand","embeddable":true,"href":"https:\/\/uj.adatbank.ro\/lexikon\/wp-json\/wp\/v2\/product_brand?post=24505"},{"taxonomy":"product_cat","embeddable":true,"href":"https:\/\/uj.adatbank.ro\/lexikon\/wp-json\/wp\/v2\/product_cat?post=24505"},{"taxonomy":"product_tag","embeddable":true,"href":"https:\/\/uj.adatbank.ro\/lexikon\/wp-json\/wp\/v2\/product_tag?post=24505"}],"curies":[{"name":"wp","href":"https:\/\/api.w.org\/{rel}","templated":true}]}}