{"id":24506,"date":"2025-08-01T18:09:58","date_gmt":"2025-08-01T16:09:58","guid":{"rendered":"https:\/\/uj.adatbank.ro\/lexikon\/termek\/vescan-iacob\/"},"modified":"2025-08-01T18:09:58","modified_gmt":"2025-08-01T16:09:58","slug":"vescan-iacob","status":"publish","type":"product","link":"https:\/\/uj.adatbank.ro\/lexikon\/termek\/vescan-iacob\/","title":{"rendered":"VESCAN, Iacob"},"content":{"rendered":"<p>Aranyosegerbegy ? \u2020 ?: tan\u00edt\u00f3. \u2013 dr. Ioan Vescan rokona, tan\u00edt\u00f3 volt Mez\u0151b\u00e1ndon, mv.-i lapok h\u00edrlap\u00edr\u00f3ja, k\u00f3rusvezet\u0151, a helyi ASTRA eln\u00f6ke. Elmenek\u00fclt (1940), Aranyosegerbegy k\u00f6zs\u00e9gben, sz\u00fcl\u0151faluj\u00e1ban volt tan\u00edt\u00f3. <br \/><strong>\u2013 Irod.:<\/strong> Vi\u015finescu, Valentin; Vescan, Eugen. Dr. Ioan Vescan, 1877\u20131946: micromonografie. (Cluj-Napoca, 2006).<\/br><\/p>\n","protected":false},"excerpt":{"rendered":"<p>Aranyosegerbegy ? \u2020 ?: tan\u00edt\u00f3. \u2013 dr. Ioan Vescan rokona, tan\u00edt\u00f3 volt Mez\u0151b\u00e1ndon, mv.-i lapok h\u00edrlap\u00edr\u00f3ja, k\u00f3rusvezet\u0151, a helyi ASTRA eln\u00f6ke. Elmenek\u00fclt (1940), Aranyosegerbegy k\u00f6zs\u00e9gben, sz\u00fcl\u0151faluj\u00e1ban volt tan\u00edt\u00f3. \u2013 Irod.: Vi\u015finescu, Valentin; Vescan, Eugen. Dr. Ioan Vescan, 1877\u20131946: micromonografie. (Cluj-Napoca, 2006).<\/p>\n","protected":false},"featured_media":0,"comment_status":"open","ping_status":"closed","template":"","meta":[],"product_brand":[],"product_cat":[137],"product_tag":[],"class_list":{"0":"post-24506","1":"product","2":"type-product","3":"status-publish","5":"product_cat-maros-megyei-eletrajzi-lexikon","7":"first","8":"instock","9":"shipping-taxable","10":"product-type-simple"},"_links":{"self":[{"href":"https:\/\/uj.adatbank.ro\/lexikon\/wp-json\/wp\/v2\/product\/24506","targetHints":{"allow":["GET"]}}],"collection":[{"href":"https:\/\/uj.adatbank.ro\/lexikon\/wp-json\/wp\/v2\/product"}],"about":[{"href":"https:\/\/uj.adatbank.ro\/lexikon\/wp-json\/wp\/v2\/types\/product"}],"replies":[{"embeddable":true,"href":"https:\/\/uj.adatbank.ro\/lexikon\/wp-json\/wp\/v2\/comments?post=24506"}],"wp:attachment":[{"href":"https:\/\/uj.adatbank.ro\/lexikon\/wp-json\/wp\/v2\/media?parent=24506"}],"wp:term":[{"taxonomy":"product_brand","embeddable":true,"href":"https:\/\/uj.adatbank.ro\/lexikon\/wp-json\/wp\/v2\/product_brand?post=24506"},{"taxonomy":"product_cat","embeddable":true,"href":"https:\/\/uj.adatbank.ro\/lexikon\/wp-json\/wp\/v2\/product_cat?post=24506"},{"taxonomy":"product_tag","embeddable":true,"href":"https:\/\/uj.adatbank.ro\/lexikon\/wp-json\/wp\/v2\/product_tag?post=24506"}],"curies":[{"name":"wp","href":"https:\/\/api.w.org\/{rel}","templated":true}]}}