{"id":24509,"date":"2025-08-01T18:10:03","date_gmt":"2025-08-01T16:10:03","guid":{"rendered":"https:\/\/uj.adatbank.ro\/lexikon\/termek\/vesmas-gheorghe\/"},"modified":"2025-08-01T18:10:03","modified_gmt":"2025-08-01T16:10:03","slug":"vesmas-gheorghe","status":"publish","type":"product","link":"https:\/\/uj.adatbank.ro\/lexikon\/termek\/vesmas-gheorghe\/","title":{"rendered":"VESMA\u015e, Gheorghe"},"content":{"rendered":"<p>? \u2020\u00a0?: f\u0151hadnagy. \u2013 MAT Securitate Tartom\u00e1nyi Igazgat\u00f3s\u00e1ga mv.-i vizsg\u00e1lati hivatal\u00e1n alhadnagy (1952\u2013). A vizsg\u00e1lati oszt\u00e1lyon dolgozott, hadnagy (1954. szept. 1. \u2013), f\u0151hadnagy (1955\u2013). <br \/><strong>\u2013 Irod.:<\/strong> Bartos 2012.<\/br><\/p>\n","protected":false},"excerpt":{"rendered":"<p>? \u2020\u00a0?: f\u0151hadnagy. \u2013 MAT Securitate Tartom\u00e1nyi Igazgat\u00f3s\u00e1ga mv.-i vizsg\u00e1lati hivatal\u00e1n alhadnagy (1952\u2013). A vizsg\u00e1lati oszt\u00e1lyon dolgozott, hadnagy (1954. szept. 1. \u2013), f\u0151hadnagy (1955\u2013). \u2013 Irod.: Bartos 2012.<\/p>\n","protected":false},"featured_media":0,"comment_status":"open","ping_status":"closed","template":"","meta":[],"product_brand":[],"product_cat":[137],"product_tag":[],"class_list":{"0":"post-24509","1":"product","2":"type-product","3":"status-publish","5":"product_cat-maros-megyei-eletrajzi-lexikon","7":"first","8":"instock","9":"shipping-taxable","10":"product-type-simple"},"_links":{"self":[{"href":"https:\/\/uj.adatbank.ro\/lexikon\/wp-json\/wp\/v2\/product\/24509","targetHints":{"allow":["GET"]}}],"collection":[{"href":"https:\/\/uj.adatbank.ro\/lexikon\/wp-json\/wp\/v2\/product"}],"about":[{"href":"https:\/\/uj.adatbank.ro\/lexikon\/wp-json\/wp\/v2\/types\/product"}],"replies":[{"embeddable":true,"href":"https:\/\/uj.adatbank.ro\/lexikon\/wp-json\/wp\/v2\/comments?post=24509"}],"wp:attachment":[{"href":"https:\/\/uj.adatbank.ro\/lexikon\/wp-json\/wp\/v2\/media?parent=24509"}],"wp:term":[{"taxonomy":"product_brand","embeddable":true,"href":"https:\/\/uj.adatbank.ro\/lexikon\/wp-json\/wp\/v2\/product_brand?post=24509"},{"taxonomy":"product_cat","embeddable":true,"href":"https:\/\/uj.adatbank.ro\/lexikon\/wp-json\/wp\/v2\/product_cat?post=24509"},{"taxonomy":"product_tag","embeddable":true,"href":"https:\/\/uj.adatbank.ro\/lexikon\/wp-json\/wp\/v2\/product_tag?post=24509"}],"curies":[{"name":"wp","href":"https:\/\/api.w.org\/{rel}","templated":true}]}}