{"id":24511,"date":"2025-08-01T18:10:09","date_gmt":"2025-08-01T16:10:09","guid":{"rendered":"https:\/\/uj.adatbank.ro\/lexikon\/termek\/vest-johannes\/"},"modified":"2025-08-01T18:10:09","modified_gmt":"2025-08-01T16:10:09","slug":"vest-johannes","status":"publish","type":"product","link":"https:\/\/uj.adatbank.ro\/lexikon\/termek\/vest-johannes\/","title":{"rendered":"VEST, Johannes"},"content":{"rendered":"<p>? \u2020\u00a0?: orgona\u00e9p\u00edt\u0151. \u2013 K\u00fck\u00fcll\u0151p\u00f3csfalv\u00e1n \u00e9p\u00edtett orgon\u00e1t (1693\u00a0?), ez Erd\u00e9ly egyik legr\u00e9gibb m\u0171k\u00f6d\u0151k\u00e9pes orgon\u00e1ja. <br \/><strong>\u2013 Irod.:<\/strong> K\u00fck\u00fcll\u0151i Ref. Egyh\u00e1zm. 3.<\/br><\/p>\n","protected":false},"excerpt":{"rendered":"<p>? \u2020\u00a0?: orgona\u00e9p\u00edt\u0151. \u2013 K\u00fck\u00fcll\u0151p\u00f3csfalv\u00e1n \u00e9p\u00edtett orgon\u00e1t (1693\u00a0?), ez Erd\u00e9ly egyik legr\u00e9gibb m\u0171k\u00f6d\u0151k\u00e9pes orgon\u00e1ja. \u2013 Irod.: K\u00fck\u00fcll\u0151i Ref. Egyh\u00e1zm. 3.<\/p>\n","protected":false},"featured_media":0,"comment_status":"open","ping_status":"closed","template":"","meta":[],"product_brand":[],"product_cat":[137],"product_tag":[],"class_list":{"0":"post-24511","1":"product","2":"type-product","3":"status-publish","5":"product_cat-maros-megyei-eletrajzi-lexikon","7":"first","8":"instock","9":"shipping-taxable","10":"product-type-simple"},"_links":{"self":[{"href":"https:\/\/uj.adatbank.ro\/lexikon\/wp-json\/wp\/v2\/product\/24511","targetHints":{"allow":["GET"]}}],"collection":[{"href":"https:\/\/uj.adatbank.ro\/lexikon\/wp-json\/wp\/v2\/product"}],"about":[{"href":"https:\/\/uj.adatbank.ro\/lexikon\/wp-json\/wp\/v2\/types\/product"}],"replies":[{"embeddable":true,"href":"https:\/\/uj.adatbank.ro\/lexikon\/wp-json\/wp\/v2\/comments?post=24511"}],"wp:attachment":[{"href":"https:\/\/uj.adatbank.ro\/lexikon\/wp-json\/wp\/v2\/media?parent=24511"}],"wp:term":[{"taxonomy":"product_brand","embeddable":true,"href":"https:\/\/uj.adatbank.ro\/lexikon\/wp-json\/wp\/v2\/product_brand?post=24511"},{"taxonomy":"product_cat","embeddable":true,"href":"https:\/\/uj.adatbank.ro\/lexikon\/wp-json\/wp\/v2\/product_cat?post=24511"},{"taxonomy":"product_tag","embeddable":true,"href":"https:\/\/uj.adatbank.ro\/lexikon\/wp-json\/wp\/v2\/product_tag?post=24511"}],"curies":[{"name":"wp","href":"https:\/\/api.w.org\/{rel}","templated":true}]}}