{"id":24520,"date":"2025-08-01T18:10:31","date_gmt":"2025-08-01T16:10:31","guid":{"rendered":"https:\/\/uj.adatbank.ro\/lexikon\/termek\/veszpremi-pal\/"},"modified":"2025-08-01T18:10:31","modified_gmt":"2025-08-01T16:10:31","slug":"veszpremi-pal","status":"publish","type":"product","link":"https:\/\/uj.adatbank.ro\/lexikon\/termek\/veszpremi-pal\/","title":{"rendered":"VESZPR\u00c9MI P\u00e1l"},"content":{"rendered":"<p>? \u2020\u00a0?: paptan\u00e1r. \u2013 A mv.-i gimn\u00e1ziumban tanult majd paptan\u00e1r a rk. gimn\u00e1ziumban (1814\u201317); erd\u00e9lyi sz\u00e9kesegyh\u00e1zi kanonok; bal\u00e1zstelki c. ap\u00e1t \u00e9s vicarius-gener\u00e1lis. Eg\u00e9sz \u00e9lete munk\u00e1ss\u00e1ga \u00f6sszegy\u0171jt\u00f6tt p\u00e9nz\u00e9t 14\u00a0500 ft.-ot hagyom\u00e1nyozott j\u00f3l tanul\u00f3 j\u00f3 erk\u00f6lcs\u0171 di\u00e1kok jutalmaz\u00e1s\u00e1ra a gyulafeh\u00e9rv\u00e1ri \u00e9s mv.-i rk. gimn\u00e1ziumokban. <br \/><strong>\u2013 Irod.:<\/strong> H\u00edres polg\u00e1rok; Kr\u00f3n. F\u00fcz. (1939. 4\/5).<\/br><\/p>\n","protected":false},"excerpt":{"rendered":"<p>? \u2020\u00a0?: paptan\u00e1r. \u2013 A mv.-i gimn\u00e1ziumban tanult majd paptan\u00e1r a rk. gimn\u00e1ziumban (1814\u201317); erd\u00e9lyi sz\u00e9kesegyh\u00e1zi kanonok; bal\u00e1zstelki c. ap\u00e1t \u00e9s vicarius-gener\u00e1lis. Eg\u00e9sz \u00e9lete munk\u00e1ss\u00e1ga \u00f6sszegy\u0171jt\u00f6tt p\u00e9nz\u00e9t 14\u00a0500 ft.-ot hagyom\u00e1nyozott j\u00f3l tanul\u00f3 j\u00f3 erk\u00f6lcs\u0171 di\u00e1kok jutalmaz\u00e1s\u00e1ra a gyulafeh\u00e9rv\u00e1ri \u00e9s mv.-i rk. gimn\u00e1ziumokban. \u2013 Irod.: H\u00edres polg\u00e1rok; Kr\u00f3n. F\u00fcz. (1939. 4\/5).<\/p>\n","protected":false},"featured_media":0,"comment_status":"open","ping_status":"closed","template":"","meta":[],"product_brand":[],"product_cat":[137],"product_tag":[],"class_list":{"0":"post-24520","1":"product","2":"type-product","3":"status-publish","5":"product_cat-maros-megyei-eletrajzi-lexikon","7":"first","8":"instock","9":"shipping-taxable","10":"product-type-simple"},"_links":{"self":[{"href":"https:\/\/uj.adatbank.ro\/lexikon\/wp-json\/wp\/v2\/product\/24520","targetHints":{"allow":["GET"]}}],"collection":[{"href":"https:\/\/uj.adatbank.ro\/lexikon\/wp-json\/wp\/v2\/product"}],"about":[{"href":"https:\/\/uj.adatbank.ro\/lexikon\/wp-json\/wp\/v2\/types\/product"}],"replies":[{"embeddable":true,"href":"https:\/\/uj.adatbank.ro\/lexikon\/wp-json\/wp\/v2\/comments?post=24520"}],"wp:attachment":[{"href":"https:\/\/uj.adatbank.ro\/lexikon\/wp-json\/wp\/v2\/media?parent=24520"}],"wp:term":[{"taxonomy":"product_brand","embeddable":true,"href":"https:\/\/uj.adatbank.ro\/lexikon\/wp-json\/wp\/v2\/product_brand?post=24520"},{"taxonomy":"product_cat","embeddable":true,"href":"https:\/\/uj.adatbank.ro\/lexikon\/wp-json\/wp\/v2\/product_cat?post=24520"},{"taxonomy":"product_tag","embeddable":true,"href":"https:\/\/uj.adatbank.ro\/lexikon\/wp-json\/wp\/v2\/product_tag?post=24520"}],"curies":[{"name":"wp","href":"https:\/\/api.w.org\/{rel}","templated":true}]}}