{"id":24521,"date":"2025-08-01T18:10:33","date_gmt":"2025-08-01T16:10:33","guid":{"rendered":"https:\/\/uj.adatbank.ro\/lexikon\/termek\/veszpremi-peter\/"},"modified":"2025-08-01T18:10:33","modified_gmt":"2025-08-01T16:10:33","slug":"veszpremi-peter","status":"publish","type":"product","link":"https:\/\/uj.adatbank.ro\/lexikon\/termek\/veszpremi-peter\/","title":{"rendered":"VESZPR\u00c9MI P\u00e9ter"},"content":{"rendered":"<p>? \u2020\u00a0?: ref. lelk\u00e9sz. \u2013 Feles\u00e9ge: Tiboldi Judit. \u2013 S\u00e1rospatak-Gyulafeh\u00e9rv\u00e1ron subscrib\u00e1lt (1699\u20131700), Ebesfalv\u00e1n \/ Erzs\u00e9betv\u00e1roson (1712\u201326), H\u00e9derf\u00e1j\u00e1n (1727\u201334), Vajdaszentiv\u00e1nyon (1737) volt lelk\u00e9sz. <br \/><strong>\u2013 Irod.:<\/strong> K\u00fck\u00fcll\u0151i Ref. Egyh\u00e1zm. 2.; \u0150sz.<\/br><\/p>\n","protected":false},"excerpt":{"rendered":"<p>? \u2020\u00a0?: ref. lelk\u00e9sz. \u2013 Feles\u00e9ge: Tiboldi Judit. \u2013 S\u00e1rospatak-Gyulafeh\u00e9rv\u00e1ron subscrib\u00e1lt (1699\u20131700), Ebesfalv\u00e1n \/ Erzs\u00e9betv\u00e1roson (1712\u201326), H\u00e9derf\u00e1j\u00e1n (1727\u201334), Vajdaszentiv\u00e1nyon (1737) volt lelk\u00e9sz. \u2013 Irod.: K\u00fck\u00fcll\u0151i Ref. Egyh\u00e1zm. 2.; \u0150sz.<\/p>\n","protected":false},"featured_media":0,"comment_status":"open","ping_status":"closed","template":"","meta":[],"product_brand":[],"product_cat":[137],"product_tag":[],"class_list":{"0":"post-24521","1":"product","2":"type-product","3":"status-publish","5":"product_cat-maros-megyei-eletrajzi-lexikon","7":"first","8":"instock","9":"shipping-taxable","10":"product-type-simple"},"_links":{"self":[{"href":"https:\/\/uj.adatbank.ro\/lexikon\/wp-json\/wp\/v2\/product\/24521","targetHints":{"allow":["GET"]}}],"collection":[{"href":"https:\/\/uj.adatbank.ro\/lexikon\/wp-json\/wp\/v2\/product"}],"about":[{"href":"https:\/\/uj.adatbank.ro\/lexikon\/wp-json\/wp\/v2\/types\/product"}],"replies":[{"embeddable":true,"href":"https:\/\/uj.adatbank.ro\/lexikon\/wp-json\/wp\/v2\/comments?post=24521"}],"wp:attachment":[{"href":"https:\/\/uj.adatbank.ro\/lexikon\/wp-json\/wp\/v2\/media?parent=24521"}],"wp:term":[{"taxonomy":"product_brand","embeddable":true,"href":"https:\/\/uj.adatbank.ro\/lexikon\/wp-json\/wp\/v2\/product_brand?post=24521"},{"taxonomy":"product_cat","embeddable":true,"href":"https:\/\/uj.adatbank.ro\/lexikon\/wp-json\/wp\/v2\/product_cat?post=24521"},{"taxonomy":"product_tag","embeddable":true,"href":"https:\/\/uj.adatbank.ro\/lexikon\/wp-json\/wp\/v2\/product_tag?post=24521"}],"curies":[{"name":"wp","href":"https:\/\/api.w.org\/{rel}","templated":true}]}}