{"id":24524,"date":"2025-08-01T18:10:39","date_gmt":"2025-08-01T16:10:39","guid":{"rendered":"https:\/\/uj.adatbank.ro\/lexikon\/termek\/vetesi-albert\/"},"modified":"2025-08-01T18:10:39","modified_gmt":"2025-08-01T16:10:39","slug":"vetesi-albert","status":"publish","type":"product","link":"https:\/\/uj.adatbank.ro\/lexikon\/termek\/vetesi-albert\/","title":{"rendered":"VET\u00c9SI Albert"},"content":{"rendered":"<p>?\u2020\u00a0?: kanonok, p\u00fcsp\u00f6ki helyn\u00f6k. \u2013 Sz\u00e9kesegyh\u00e1zi kanonok, p\u00fcsp\u00f6ki helyn\u00f6k (1446), nagypr\u00e9post (1456).<\/br><\/p>\n","protected":false},"excerpt":{"rendered":"<p>?\u2020\u00a0?: kanonok, p\u00fcsp\u00f6ki helyn\u00f6k. \u2013 Sz\u00e9kesegyh\u00e1zi kanonok, p\u00fcsp\u00f6ki helyn\u00f6k (1446), nagypr\u00e9post (1456).<\/p>\n","protected":false},"featured_media":0,"comment_status":"open","ping_status":"closed","template":"","meta":[],"product_brand":[],"product_cat":[137],"product_tag":[],"class_list":{"0":"post-24524","1":"product","2":"type-product","3":"status-publish","5":"product_cat-maros-megyei-eletrajzi-lexikon","7":"first","8":"instock","9":"shipping-taxable","10":"product-type-simple"},"_links":{"self":[{"href":"https:\/\/uj.adatbank.ro\/lexikon\/wp-json\/wp\/v2\/product\/24524","targetHints":{"allow":["GET"]}}],"collection":[{"href":"https:\/\/uj.adatbank.ro\/lexikon\/wp-json\/wp\/v2\/product"}],"about":[{"href":"https:\/\/uj.adatbank.ro\/lexikon\/wp-json\/wp\/v2\/types\/product"}],"replies":[{"embeddable":true,"href":"https:\/\/uj.adatbank.ro\/lexikon\/wp-json\/wp\/v2\/comments?post=24524"}],"wp:attachment":[{"href":"https:\/\/uj.adatbank.ro\/lexikon\/wp-json\/wp\/v2\/media?parent=24524"}],"wp:term":[{"taxonomy":"product_brand","embeddable":true,"href":"https:\/\/uj.adatbank.ro\/lexikon\/wp-json\/wp\/v2\/product_brand?post=24524"},{"taxonomy":"product_cat","embeddable":true,"href":"https:\/\/uj.adatbank.ro\/lexikon\/wp-json\/wp\/v2\/product_cat?post=24524"},{"taxonomy":"product_tag","embeddable":true,"href":"https:\/\/uj.adatbank.ro\/lexikon\/wp-json\/wp\/v2\/product_tag?post=24524"}],"curies":[{"name":"wp","href":"https:\/\/api.w.org\/{rel}","templated":true}]}}