{"id":24525,"date":"2025-08-01T18:10:41","date_gmt":"2025-08-01T16:10:41","guid":{"rendered":"https:\/\/uj.adatbank.ro\/lexikon\/termek\/vetesi-erzsebet\/"},"modified":"2025-08-01T18:10:41","modified_gmt":"2025-08-01T16:10:41","slug":"vetesi-erzsebet","status":"publish","type":"product","link":"https:\/\/uj.adatbank.ro\/lexikon\/termek\/vetesi-erzsebet\/","title":{"rendered":"VET\u00c9SI Erzs\u00e9bet"},"content":{"rendered":"<p>Kv., 1919., \u2020\u00a0?: tan\u00edt\u00f3n\u0151. \u2013 Nagyszebenben v\u00e9gezte tanulm\u00e1nyait, Kisadorj\u00e1nban kezdett tan\u00edtani, onnan Ny\u00e1r\u00e1dszentl\u00e1szl\u00f3ra ker\u00fclt (1940\u201344). <br \/><strong>\u2013 Irod.:<\/strong> Ny\u00e1r\u00e1dszentl\u00e1szl\u00f3; Sz\u00e9kelyf\u00f6ld \u00ed. k.<\/br><\/p>\n","protected":false},"excerpt":{"rendered":"<p>Kv., 1919., \u2020\u00a0?: tan\u00edt\u00f3n\u0151. \u2013 Nagyszebenben v\u00e9gezte tanulm\u00e1nyait, Kisadorj\u00e1nban kezdett tan\u00edtani, onnan Ny\u00e1r\u00e1dszentl\u00e1szl\u00f3ra ker\u00fclt (1940\u201344). \u2013 Irod.: Ny\u00e1r\u00e1dszentl\u00e1szl\u00f3; Sz\u00e9kelyf\u00f6ld \u00ed. k.<\/p>\n","protected":false},"featured_media":0,"comment_status":"open","ping_status":"closed","template":"","meta":[],"product_brand":[],"product_cat":[137],"product_tag":[],"class_list":{"0":"post-24525","1":"product","2":"type-product","3":"status-publish","5":"product_cat-maros-megyei-eletrajzi-lexikon","7":"first","8":"instock","9":"shipping-taxable","10":"product-type-simple"},"_links":{"self":[{"href":"https:\/\/uj.adatbank.ro\/lexikon\/wp-json\/wp\/v2\/product\/24525","targetHints":{"allow":["GET"]}}],"collection":[{"href":"https:\/\/uj.adatbank.ro\/lexikon\/wp-json\/wp\/v2\/product"}],"about":[{"href":"https:\/\/uj.adatbank.ro\/lexikon\/wp-json\/wp\/v2\/types\/product"}],"replies":[{"embeddable":true,"href":"https:\/\/uj.adatbank.ro\/lexikon\/wp-json\/wp\/v2\/comments?post=24525"}],"wp:attachment":[{"href":"https:\/\/uj.adatbank.ro\/lexikon\/wp-json\/wp\/v2\/media?parent=24525"}],"wp:term":[{"taxonomy":"product_brand","embeddable":true,"href":"https:\/\/uj.adatbank.ro\/lexikon\/wp-json\/wp\/v2\/product_brand?post=24525"},{"taxonomy":"product_cat","embeddable":true,"href":"https:\/\/uj.adatbank.ro\/lexikon\/wp-json\/wp\/v2\/product_cat?post=24525"},{"taxonomy":"product_tag","embeddable":true,"href":"https:\/\/uj.adatbank.ro\/lexikon\/wp-json\/wp\/v2\/product_tag?post=24525"}],"curies":[{"name":"wp","href":"https:\/\/api.w.org\/{rel}","templated":true}]}}