{"id":24528,"date":"2025-08-01T18:10:48","date_gmt":"2025-08-01T16:10:48","guid":{"rendered":"https:\/\/uj.adatbank.ro\/lexikon\/termek\/vetian-traian\/"},"modified":"2025-08-01T18:10:48","modified_gmt":"2025-08-01T16:10:48","slug":"vetian-traian","status":"publish","type":"product","link":"https:\/\/uj.adatbank.ro\/lexikon\/termek\/vetian-traian\/","title":{"rendered":"VE\u0162IAN, Traian"},"content":{"rendered":"<p>?, \u2020\u00a0?: k\u00e1ntortan\u00edt\u00f3. \u2013 Soroph\u00e1z\u00e1n a g. kat. egyh\u00e1zi isk.-ban tan\u00edtott (1911\u2013). Az \u0151 idej\u00e9t\u0151l kezdtek k\u00fcl\u00f6n k\u00e9pzett tan\u00edt\u00f3t \u00e9s lelk\u00e9szt foglalkoztatni a faluban, j\u00f3llehet a k\u00f6r\u00fclm\u00e9nyek ezt nem mindig engedt\u00e9k meg. <br \/><strong>\u2013 Irod.:<\/strong> \u015eerbeni.<\/br><\/p>\n","protected":false},"excerpt":{"rendered":"<p>?, \u2020\u00a0?: k\u00e1ntortan\u00edt\u00f3. \u2013 Soroph\u00e1z\u00e1n a g. kat. egyh\u00e1zi isk.-ban tan\u00edtott (1911\u2013). Az \u0151 idej\u00e9t\u0151l kezdtek k\u00fcl\u00f6n k\u00e9pzett tan\u00edt\u00f3t \u00e9s lelk\u00e9szt foglalkoztatni a faluban, j\u00f3llehet a k\u00f6r\u00fclm\u00e9nyek ezt nem mindig engedt\u00e9k meg. \u2013 Irod.: \u015eerbeni.<\/p>\n","protected":false},"featured_media":0,"comment_status":"open","ping_status":"closed","template":"","meta":[],"product_brand":[],"product_cat":[137],"product_tag":[],"class_list":{"0":"post-24528","1":"product","2":"type-product","3":"status-publish","5":"product_cat-maros-megyei-eletrajzi-lexikon","7":"first","8":"instock","9":"shipping-taxable","10":"product-type-simple"},"_links":{"self":[{"href":"https:\/\/uj.adatbank.ro\/lexikon\/wp-json\/wp\/v2\/product\/24528","targetHints":{"allow":["GET"]}}],"collection":[{"href":"https:\/\/uj.adatbank.ro\/lexikon\/wp-json\/wp\/v2\/product"}],"about":[{"href":"https:\/\/uj.adatbank.ro\/lexikon\/wp-json\/wp\/v2\/types\/product"}],"replies":[{"embeddable":true,"href":"https:\/\/uj.adatbank.ro\/lexikon\/wp-json\/wp\/v2\/comments?post=24528"}],"wp:attachment":[{"href":"https:\/\/uj.adatbank.ro\/lexikon\/wp-json\/wp\/v2\/media?parent=24528"}],"wp:term":[{"taxonomy":"product_brand","embeddable":true,"href":"https:\/\/uj.adatbank.ro\/lexikon\/wp-json\/wp\/v2\/product_brand?post=24528"},{"taxonomy":"product_cat","embeddable":true,"href":"https:\/\/uj.adatbank.ro\/lexikon\/wp-json\/wp\/v2\/product_cat?post=24528"},{"taxonomy":"product_tag","embeddable":true,"href":"https:\/\/uj.adatbank.ro\/lexikon\/wp-json\/wp\/v2\/product_tag?post=24528"}],"curies":[{"name":"wp","href":"https:\/\/api.w.org\/{rel}","templated":true}]}}