{"id":24529,"date":"2025-08-01T18:10:50","date_gmt":"2025-08-01T16:10:50","guid":{"rendered":"https:\/\/uj.adatbank.ro\/lexikon\/termek\/vetter-antal\/"},"modified":"2025-08-01T18:10:50","modified_gmt":"2025-08-01T16:10:50","slug":"vetter-antal","status":"publish","type":"product","link":"https:\/\/uj.adatbank.ro\/lexikon\/termek\/vetter-antal\/","title":{"rendered":"VETTER Antal"},"content":{"rendered":"<p>1803., \u2020\u00a01882: honv\u00e9d alt\u00e1bornagy. \u2013 A honv\u00e9dsereg f\u0151parancsnoka egy ideig (1848). Angli\u00e1ba emigr\u00e1lt \u00e9s egy katonai int\u00e9zet tan\u00e1ra lett. A kiegyez\u00e9s ut\u00e1n hazat\u00e9rt \u00e9s Pozsonyba telepedett le. <br \/><strong>\u2013 Irod.:<\/strong> Paget.<\/br><\/p>\n","protected":false},"excerpt":{"rendered":"<p>1803., \u2020\u00a01882: honv\u00e9d alt\u00e1bornagy. \u2013 A honv\u00e9dsereg f\u0151parancsnoka egy ideig (1848). Angli\u00e1ba emigr\u00e1lt \u00e9s egy katonai int\u00e9zet tan\u00e1ra lett. A kiegyez\u00e9s ut\u00e1n hazat\u00e9rt \u00e9s Pozsonyba telepedett le. \u2013 Irod.: Paget.<\/p>\n","protected":false},"featured_media":0,"comment_status":"open","ping_status":"closed","template":"","meta":[],"product_brand":[],"product_cat":[137],"product_tag":[],"class_list":{"0":"post-24529","1":"product","2":"type-product","3":"status-publish","5":"product_cat-maros-megyei-eletrajzi-lexikon","7":"first","8":"instock","9":"shipping-taxable","10":"product-type-simple"},"_links":{"self":[{"href":"https:\/\/uj.adatbank.ro\/lexikon\/wp-json\/wp\/v2\/product\/24529","targetHints":{"allow":["GET"]}}],"collection":[{"href":"https:\/\/uj.adatbank.ro\/lexikon\/wp-json\/wp\/v2\/product"}],"about":[{"href":"https:\/\/uj.adatbank.ro\/lexikon\/wp-json\/wp\/v2\/types\/product"}],"replies":[{"embeddable":true,"href":"https:\/\/uj.adatbank.ro\/lexikon\/wp-json\/wp\/v2\/comments?post=24529"}],"wp:attachment":[{"href":"https:\/\/uj.adatbank.ro\/lexikon\/wp-json\/wp\/v2\/media?parent=24529"}],"wp:term":[{"taxonomy":"product_brand","embeddable":true,"href":"https:\/\/uj.adatbank.ro\/lexikon\/wp-json\/wp\/v2\/product_brand?post=24529"},{"taxonomy":"product_cat","embeddable":true,"href":"https:\/\/uj.adatbank.ro\/lexikon\/wp-json\/wp\/v2\/product_cat?post=24529"},{"taxonomy":"product_tag","embeddable":true,"href":"https:\/\/uj.adatbank.ro\/lexikon\/wp-json\/wp\/v2\/product_tag?post=24529"}],"curies":[{"name":"wp","href":"https:\/\/api.w.org\/{rel}","templated":true}]}}