{"id":24530,"date":"2025-08-01T18:10:53","date_gmt":"2025-08-01T16:10:53","guid":{"rendered":"https:\/\/uj.adatbank.ro\/lexikon\/termek\/vezan-victor-%c2%a7\/"},"modified":"2025-08-01T18:10:53","modified_gmt":"2025-08-01T16:10:53","slug":"vezan-victor-%c2%a7","status":"publish","type":"product","link":"https:\/\/uj.adatbank.ro\/lexikon\/termek\/vezan-victor-%c2%a7\/","title":{"rendered":"VEZAN, Victor \u00a7"},"content":{"rendered":"<p>Zsidve (Feh\u00e9r), 1950. \u00e1pr. 20., \u2020 Mv., 1992. febr. 16.: k\u00f6lt\u0151, \u00edr\u00f3. \u2013 Az elemi iskol\u00e1t \u00e9s l\u00edc.-ot Dics\u0151szentm\u00e1rtonban v\u00e9gezte (1969), kv.-i Gh. Dima Zenekonzervat\u00f3riumban muzikol\u00f3gus szakon tanult (1969\u201371), eg\u00e9szs\u00e9g\u00fcgyi okok miatt f\u00e9lbehagyta (1971). Labor\u00e1ns a dics\u0151szentm\u00e1rtoni Vegyiipari Kombin\u00e1tban (1972\u201392). A Tribun\u00e1ban jelentek meg els\u0151 elbesz\u00e9l\u00e9sei (1977) \u00e9s versei a mv.-i Steaua ro\u015fie c. napilapban (1982). Munkat\u00e1rsa volt m\u00e9g a Rom\u00e2nia literar\u0103 c. lapnak. K\u00e9ziratban maradt h\u00e1tra: egy befejezetlen reg\u00e9nye, verses k\u00f6tetek. \u2013  <strong>F. m..:<\/strong> Dincolo de cercul lumii (Tg. M., 1995); Fantasme (Tg. M., 1997); <strong>k\u00e9zirata:<\/strong> O excursie (1959); C\u0103l\u0103toria a trei copii \u00een Insulele Mariane (reg\u00e9ny, 1962); Poeme simple (1969); Clopot spart (1973); Cartea cerbilor (1980); Dublu concert (1980); \u00cen a\u015fteptarea vie\u0163ii (reg\u00e9ny, 1975); Castelul (sz\u00edndarab, 1985);  <strong>ford.:<\/strong> C. W. Leadbeater, R. M. Rilke, W. Goethe, G. Trakl. <br \/><strong>\u2013 Irod.:<\/strong> Cosma; Damian Ion: Monografia ora\u015fului T\u00e2rn\u0103veni (Cluj, 1996); Ghidul personalit\u0103\u0163ilor din jud. Alba (2003).<\/br><\/p>\n","protected":false},"excerpt":{"rendered":"<p>Zsidve (Feh\u00e9r), 1950. \u00e1pr. 20., \u2020 Mv., 1992. febr. 16.: k\u00f6lt\u0151, \u00edr\u00f3. \u2013 Az elemi iskol\u00e1t \u00e9s l\u00edc.-ot Dics\u0151szentm\u00e1rtonban v\u00e9gezte (1969), kv.-i Gh. Dima Zenekonzervat\u00f3riumban muzikol\u00f3gus szakon tanult (1969\u201371), eg\u00e9szs\u00e9g\u00fcgyi okok miatt f\u00e9lbehagyta (1971). Labor\u00e1ns a dics\u0151szentm\u00e1rtoni Vegyiipari Kombin\u00e1tban (1972\u201392). A Tribun\u00e1ban jelentek meg els\u0151 elbesz\u00e9l\u00e9sei (1977) \u00e9s versei a mv.-i Steaua ro\u015fie c. napilapban [&hellip;]<\/p>\n","protected":false},"featured_media":0,"comment_status":"open","ping_status":"closed","template":"","meta":[],"product_brand":[],"product_cat":[137],"product_tag":[],"class_list":{"0":"post-24530","1":"product","2":"type-product","3":"status-publish","5":"product_cat-maros-megyei-eletrajzi-lexikon","7":"first","8":"instock","9":"shipping-taxable","10":"product-type-simple"},"_links":{"self":[{"href":"https:\/\/uj.adatbank.ro\/lexikon\/wp-json\/wp\/v2\/product\/24530","targetHints":{"allow":["GET"]}}],"collection":[{"href":"https:\/\/uj.adatbank.ro\/lexikon\/wp-json\/wp\/v2\/product"}],"about":[{"href":"https:\/\/uj.adatbank.ro\/lexikon\/wp-json\/wp\/v2\/types\/product"}],"replies":[{"embeddable":true,"href":"https:\/\/uj.adatbank.ro\/lexikon\/wp-json\/wp\/v2\/comments?post=24530"}],"wp:attachment":[{"href":"https:\/\/uj.adatbank.ro\/lexikon\/wp-json\/wp\/v2\/media?parent=24530"}],"wp:term":[{"taxonomy":"product_brand","embeddable":true,"href":"https:\/\/uj.adatbank.ro\/lexikon\/wp-json\/wp\/v2\/product_brand?post=24530"},{"taxonomy":"product_cat","embeddable":true,"href":"https:\/\/uj.adatbank.ro\/lexikon\/wp-json\/wp\/v2\/product_cat?post=24530"},{"taxonomy":"product_tag","embeddable":true,"href":"https:\/\/uj.adatbank.ro\/lexikon\/wp-json\/wp\/v2\/product_tag?post=24530"}],"curies":[{"name":"wp","href":"https:\/\/api.w.org\/{rel}","templated":true}]}}