{"id":24541,"date":"2025-08-01T18:11:17","date_gmt":"2025-08-01T16:11:17","guid":{"rendered":"https:\/\/uj.adatbank.ro\/lexikon\/termek\/viciu-vasile\/"},"modified":"2025-08-01T18:11:17","modified_gmt":"2025-08-01T16:11:17","slug":"viciu-vasile","status":"publish","type":"product","link":"https:\/\/uj.adatbank.ro\/lexikon\/termek\/viciu-vasile\/","title":{"rendered":"VICIU, Vasile"},"content":{"rendered":"<p>? \u2020\u00a0?: ort. pap. \u2013 Andr\u00e1sfalv\u00e1n volt pap (1823\u201330). Onnan Ny\u00e1r\u00e1dt\u0151re ker\u00fclt, ahol fel\u00e9p\u00edtett\u00e9k a Szenth\u00e1roms\u00e1g templomot, amely a jelenben is \u00e1ll (1858). Ezt a templomot t\u00f6bb alkalommal renov\u00e1lt\u00e1k, m\u00e9gsem \u00e1llt el\u00e9gg\u00e9 ellent az id\u0151 m\u00fal\u00e1s\u00e1nak. \u00daj templomot kezdtek \u00e9p\u00edteni, de azt nem fejezt\u00e9k be m\u00e9g napjainkban sem. <br \/><strong>\u2013 Irod.:<\/strong> \u015eincan 2006.<\/br><\/p>\n","protected":false},"excerpt":{"rendered":"<p>? \u2020\u00a0?: ort. pap. \u2013 Andr\u00e1sfalv\u00e1n volt pap (1823\u201330). Onnan Ny\u00e1r\u00e1dt\u0151re ker\u00fclt, ahol fel\u00e9p\u00edtett\u00e9k a Szenth\u00e1roms\u00e1g templomot, amely a jelenben is \u00e1ll (1858). Ezt a templomot t\u00f6bb alkalommal renov\u00e1lt\u00e1k, m\u00e9gsem \u00e1llt el\u00e9gg\u00e9 ellent az id\u0151 m\u00fal\u00e1s\u00e1nak. \u00daj templomot kezdtek \u00e9p\u00edteni, de azt nem fejezt\u00e9k be m\u00e9g napjainkban sem. \u2013 Irod.: \u015eincan 2006.<\/p>\n","protected":false},"featured_media":0,"comment_status":"open","ping_status":"closed","template":"","meta":[],"product_brand":[],"product_cat":[137],"product_tag":[],"class_list":{"0":"post-24541","1":"product","2":"type-product","3":"status-publish","5":"product_cat-maros-megyei-eletrajzi-lexikon","7":"first","8":"instock","9":"shipping-taxable","10":"product-type-simple"},"_links":{"self":[{"href":"https:\/\/uj.adatbank.ro\/lexikon\/wp-json\/wp\/v2\/product\/24541","targetHints":{"allow":["GET"]}}],"collection":[{"href":"https:\/\/uj.adatbank.ro\/lexikon\/wp-json\/wp\/v2\/product"}],"about":[{"href":"https:\/\/uj.adatbank.ro\/lexikon\/wp-json\/wp\/v2\/types\/product"}],"replies":[{"embeddable":true,"href":"https:\/\/uj.adatbank.ro\/lexikon\/wp-json\/wp\/v2\/comments?post=24541"}],"wp:attachment":[{"href":"https:\/\/uj.adatbank.ro\/lexikon\/wp-json\/wp\/v2\/media?parent=24541"}],"wp:term":[{"taxonomy":"product_brand","embeddable":true,"href":"https:\/\/uj.adatbank.ro\/lexikon\/wp-json\/wp\/v2\/product_brand?post=24541"},{"taxonomy":"product_cat","embeddable":true,"href":"https:\/\/uj.adatbank.ro\/lexikon\/wp-json\/wp\/v2\/product_cat?post=24541"},{"taxonomy":"product_tag","embeddable":true,"href":"https:\/\/uj.adatbank.ro\/lexikon\/wp-json\/wp\/v2\/product_tag?post=24541"}],"curies":[{"name":"wp","href":"https:\/\/api.w.org\/{rel}","templated":true}]}}