{"id":24542,"date":"2025-08-01T18:11:19","date_gmt":"2025-08-01T16:11:19","guid":{"rendered":"https:\/\/uj.adatbank.ro\/lexikon\/termek\/vicol-adrian\/"},"modified":"2025-08-01T18:11:19","modified_gmt":"2025-08-01T16:11:19","slug":"vicol-adrian","status":"publish","type":"product","link":"https:\/\/uj.adatbank.ro\/lexikon\/termek\/vicol-adrian\/","title":{"rendered":"VICOL, Adrian"},"content":{"rendered":"<p>Mv., 1922.vagy 1923 dec. 15., \u2020\u00a0?: folkl\u00f3rkutat\u00f3. \u2013 A buk.-i konzervat\u00f3riumban v\u00e9gzett (1948\u201354). Tudom\u00e1nyos kutat\u00f3 a buk.-i N\u00e9prajz \u00e9s Folkl\u00f3r Int\u00e9zetben (1949\u2013). Fontosabb m\u0171vei, cikkei, tanulm\u00e1nyai a Revista de folclor c. foly\u00f3iratban jelentek meg. Munkat\u00e1rsa a Muzica, Rev de folclor, Rev. de etnografie \u015fi folclor, Sc\u00eenteia Tineretului c. lapoknak. <br \/><strong>\u2013 Irod.:<\/strong> Datcu; MRL; Sava; Sava\u2013Vartolomei.<\/br><\/p>\n","protected":false},"excerpt":{"rendered":"<p>Mv., 1922.vagy 1923 dec. 15., \u2020\u00a0?: folkl\u00f3rkutat\u00f3. \u2013 A buk.-i konzervat\u00f3riumban v\u00e9gzett (1948\u201354). Tudom\u00e1nyos kutat\u00f3 a buk.-i N\u00e9prajz \u00e9s Folkl\u00f3r Int\u00e9zetben (1949\u2013). Fontosabb m\u0171vei, cikkei, tanulm\u00e1nyai a Revista de folclor c. foly\u00f3iratban jelentek meg. Munkat\u00e1rsa a Muzica, Rev de folclor, Rev. de etnografie \u015fi folclor, Sc\u00eenteia Tineretului c. lapoknak. \u2013 Irod.: Datcu; MRL; Sava; Sava\u2013Vartolomei.<\/p>\n","protected":false},"featured_media":0,"comment_status":"open","ping_status":"closed","template":"","meta":[],"product_brand":[],"product_cat":[137],"product_tag":[],"class_list":{"0":"post-24542","1":"product","2":"type-product","3":"status-publish","5":"product_cat-maros-megyei-eletrajzi-lexikon","7":"first","8":"instock","9":"shipping-taxable","10":"product-type-simple"},"_links":{"self":[{"href":"https:\/\/uj.adatbank.ro\/lexikon\/wp-json\/wp\/v2\/product\/24542","targetHints":{"allow":["GET"]}}],"collection":[{"href":"https:\/\/uj.adatbank.ro\/lexikon\/wp-json\/wp\/v2\/product"}],"about":[{"href":"https:\/\/uj.adatbank.ro\/lexikon\/wp-json\/wp\/v2\/types\/product"}],"replies":[{"embeddable":true,"href":"https:\/\/uj.adatbank.ro\/lexikon\/wp-json\/wp\/v2\/comments?post=24542"}],"wp:attachment":[{"href":"https:\/\/uj.adatbank.ro\/lexikon\/wp-json\/wp\/v2\/media?parent=24542"}],"wp:term":[{"taxonomy":"product_brand","embeddable":true,"href":"https:\/\/uj.adatbank.ro\/lexikon\/wp-json\/wp\/v2\/product_brand?post=24542"},{"taxonomy":"product_cat","embeddable":true,"href":"https:\/\/uj.adatbank.ro\/lexikon\/wp-json\/wp\/v2\/product_cat?post=24542"},{"taxonomy":"product_tag","embeddable":true,"href":"https:\/\/uj.adatbank.ro\/lexikon\/wp-json\/wp\/v2\/product_tag?post=24542"}],"curies":[{"name":"wp","href":"https:\/\/api.w.org\/{rel}","templated":true}]}}