{"id":24543,"date":"2025-08-01T18:11:21","date_gmt":"2025-08-01T16:11:21","guid":{"rendered":"https:\/\/uj.adatbank.ro\/lexikon\/termek\/vicol-ioan\/"},"modified":"2025-08-01T18:11:21","modified_gmt":"2025-08-01T16:11:21","slug":"vicol-ioan","status":"publish","type":"product","link":"https:\/\/uj.adatbank.ro\/lexikon\/termek\/vicol-ioan\/","title":{"rendered":"VICOL, Ioan"},"content":{"rendered":"<p>? 1898. febr. 22. \u2020 ?: \u00edr\u00f3, tan\u00e1r. \u2013 A B\u00e2rlad-i k\u00f6z\u00e9piskol\u00e1t (1918) \u00e9s a buk.-i Zenekonzervat\u00f3rium \u00e9s dr\u00e1mai m\u0171v\u00e9szetek v\u00e9gzettje (1924). Tan\u00edtott Mv.-en \u00e9s aligazgat\u00f3 volt a mv.-i tan\u00edt\u00f3k\u00e9pz\u0151ben, majd Buz\u0103uban. A Florile dalbe c. lapban k\u00f6z\u00f6lte els\u0151 m\u0171veit. \u2013  <strong>F. m..:<\/strong> \u00cen vacan\u0163\u0103: pies\u0103 (Buc., 1931); Focul: pies\u0103 (1939); Manual de muzic\u0103: pentru cl. I-III. <br \/><strong>\u2013 Irod.:<\/strong> Predescu.<\/br><\/p>\n","protected":false},"excerpt":{"rendered":"<p>? 1898. febr. 22. \u2020 ?: \u00edr\u00f3, tan\u00e1r. \u2013 A B\u00e2rlad-i k\u00f6z\u00e9piskol\u00e1t (1918) \u00e9s a buk.-i Zenekonzervat\u00f3rium \u00e9s dr\u00e1mai m\u0171v\u00e9szetek v\u00e9gzettje (1924). Tan\u00edtott Mv.-en \u00e9s aligazgat\u00f3 volt a mv.-i tan\u00edt\u00f3k\u00e9pz\u0151ben, majd Buz\u0103uban. A Florile dalbe c. lapban k\u00f6z\u00f6lte els\u0151 m\u0171veit. \u2013 F. m..: \u00cen vacan\u0163\u0103: pies\u0103 (Buc., 1931); Focul: pies\u0103 (1939); Manual de muzic\u0103: pentru [&hellip;]<\/p>\n","protected":false},"featured_media":0,"comment_status":"open","ping_status":"closed","template":"","meta":[],"product_brand":[],"product_cat":[137],"product_tag":[],"class_list":{"0":"post-24543","1":"product","2":"type-product","3":"status-publish","5":"product_cat-maros-megyei-eletrajzi-lexikon","7":"first","8":"instock","9":"shipping-taxable","10":"product-type-simple"},"_links":{"self":[{"href":"https:\/\/uj.adatbank.ro\/lexikon\/wp-json\/wp\/v2\/product\/24543","targetHints":{"allow":["GET"]}}],"collection":[{"href":"https:\/\/uj.adatbank.ro\/lexikon\/wp-json\/wp\/v2\/product"}],"about":[{"href":"https:\/\/uj.adatbank.ro\/lexikon\/wp-json\/wp\/v2\/types\/product"}],"replies":[{"embeddable":true,"href":"https:\/\/uj.adatbank.ro\/lexikon\/wp-json\/wp\/v2\/comments?post=24543"}],"wp:attachment":[{"href":"https:\/\/uj.adatbank.ro\/lexikon\/wp-json\/wp\/v2\/media?parent=24543"}],"wp:term":[{"taxonomy":"product_brand","embeddable":true,"href":"https:\/\/uj.adatbank.ro\/lexikon\/wp-json\/wp\/v2\/product_brand?post=24543"},{"taxonomy":"product_cat","embeddable":true,"href":"https:\/\/uj.adatbank.ro\/lexikon\/wp-json\/wp\/v2\/product_cat?post=24543"},{"taxonomy":"product_tag","embeddable":true,"href":"https:\/\/uj.adatbank.ro\/lexikon\/wp-json\/wp\/v2\/product_tag?post=24543"}],"curies":[{"name":"wp","href":"https:\/\/api.w.org\/{rel}","templated":true}]}}