{"id":24544,"date":"2025-08-01T18:11:24","date_gmt":"2025-08-01T16:11:24","guid":{"rendered":"https:\/\/uj.adatbank.ro\/lexikon\/termek\/victor-geza\/"},"modified":"2025-08-01T18:11:24","modified_gmt":"2025-08-01T16:11:24","slug":"victor-geza","status":"publish","type":"product","link":"https:\/\/uj.adatbank.ro\/lexikon\/termek\/victor-geza\/","title":{"rendered":"VICTOR G\u00e9za"},"content":{"rendered":"<p>? \u2020 Mv., ?.: lakatos. \u2013 A mv.-i V\u00e1rosh\u00e1za \u00e9p\u00edt\u00e9s\u00e9n\u00e9l lakatos munk\u00e1latokat v\u00e9gezte Ko\u00f3s Ferenccel (1906\u20131908). <br \/><strong>\u2013 Irod.:<\/strong> Keresztes Gyula: Szecesszi\u00f3 Mv.-en 4.: A V\u00e1rosh\u00e1za (N\u00fa., 1991. okt. 26.).<\/br><\/p>\n","protected":false},"excerpt":{"rendered":"<p>? \u2020 Mv., ?.: lakatos. \u2013 A mv.-i V\u00e1rosh\u00e1za \u00e9p\u00edt\u00e9s\u00e9n\u00e9l lakatos munk\u00e1latokat v\u00e9gezte Ko\u00f3s Ferenccel (1906\u20131908). \u2013 Irod.: Keresztes Gyula: Szecesszi\u00f3 Mv.-en 4.: A V\u00e1rosh\u00e1za (N\u00fa., 1991. okt. 26.).<\/p>\n","protected":false},"featured_media":0,"comment_status":"open","ping_status":"closed","template":"","meta":[],"product_brand":[],"product_cat":[137],"product_tag":[],"class_list":{"0":"post-24544","1":"product","2":"type-product","3":"status-publish","5":"product_cat-maros-megyei-eletrajzi-lexikon","7":"first","8":"instock","9":"shipping-taxable","10":"product-type-simple"},"_links":{"self":[{"href":"https:\/\/uj.adatbank.ro\/lexikon\/wp-json\/wp\/v2\/product\/24544","targetHints":{"allow":["GET"]}}],"collection":[{"href":"https:\/\/uj.adatbank.ro\/lexikon\/wp-json\/wp\/v2\/product"}],"about":[{"href":"https:\/\/uj.adatbank.ro\/lexikon\/wp-json\/wp\/v2\/types\/product"}],"replies":[{"embeddable":true,"href":"https:\/\/uj.adatbank.ro\/lexikon\/wp-json\/wp\/v2\/comments?post=24544"}],"wp:attachment":[{"href":"https:\/\/uj.adatbank.ro\/lexikon\/wp-json\/wp\/v2\/media?parent=24544"}],"wp:term":[{"taxonomy":"product_brand","embeddable":true,"href":"https:\/\/uj.adatbank.ro\/lexikon\/wp-json\/wp\/v2\/product_brand?post=24544"},{"taxonomy":"product_cat","embeddable":true,"href":"https:\/\/uj.adatbank.ro\/lexikon\/wp-json\/wp\/v2\/product_cat?post=24544"},{"taxonomy":"product_tag","embeddable":true,"href":"https:\/\/uj.adatbank.ro\/lexikon\/wp-json\/wp\/v2\/product_tag?post=24544"}],"curies":[{"name":"wp","href":"https:\/\/api.w.org\/{rel}","templated":true}]}}