{"id":24546,"date":"2025-08-01T18:11:27","date_gmt":"2025-08-01T16:11:27","guid":{"rendered":"https:\/\/uj.adatbank.ro\/lexikon\/termek\/vida-maria-csomafay-imrene\/"},"modified":"2025-08-01T18:11:27","modified_gmt":"2025-08-01T16:11:27","slug":"vida-maria-csomafay-imrene","status":"publish","type":"product","link":"https:\/\/uj.adatbank.ro\/lexikon\/termek\/vida-maria-csomafay-imrene\/","title":{"rendered":"VIDA M\u00e1ria; Csomaf\u00e1y Imr\u00e9n\u00e9"},"content":{"rendered":"<p>? \u2020\u00a0?: postatiszt, \u00edr\u00f3 \u00e9s mag\u00e1nz\u00f3. \u2013 Apja V. \u00c1rp\u00e1d fest\u0151, nagyapja V. Gyula m.\u00a0k. honv\u00e9dt\u00e1bornok volt. \u00c9vtizedes m\u0171v\u00e9szi \u00e9s \u00edr\u00f3i munk\u00e1ss\u00e1got fejtett ki \u00e9s t\u00f6bb k\u00f6tetes kultur\u00e1lis \u00e9rt\u00e9ket gy\u0171jt\u00f6tt \u00f6ssze. Fia Csomaf\u00e1y K\u00e1roly fest\u0151m\u0171v\u00e9sz, m\u0171szaki tisztvisel\u0151. <br \/><strong>\u2013 Irod.:<\/strong> Sz\u00e9kelyf\u00f6ld \u00ed. k.<\/br><\/p>\n","protected":false},"excerpt":{"rendered":"<p>? \u2020\u00a0?: postatiszt, \u00edr\u00f3 \u00e9s mag\u00e1nz\u00f3. \u2013 Apja V. \u00c1rp\u00e1d fest\u0151, nagyapja V. Gyula m.\u00a0k. honv\u00e9dt\u00e1bornok volt. \u00c9vtizedes m\u0171v\u00e9szi \u00e9s \u00edr\u00f3i munk\u00e1ss\u00e1got fejtett ki \u00e9s t\u00f6bb k\u00f6tetes kultur\u00e1lis \u00e9rt\u00e9ket gy\u0171jt\u00f6tt \u00f6ssze. Fia Csomaf\u00e1y K\u00e1roly fest\u0151m\u0171v\u00e9sz, m\u0171szaki tisztvisel\u0151. \u2013 Irod.: Sz\u00e9kelyf\u00f6ld \u00ed. k.<\/p>\n","protected":false},"featured_media":0,"comment_status":"open","ping_status":"closed","template":"","meta":[],"product_brand":[],"product_cat":[137],"product_tag":[],"class_list":{"0":"post-24546","1":"product","2":"type-product","3":"status-publish","5":"product_cat-maros-megyei-eletrajzi-lexikon","7":"first","8":"instock","9":"shipping-taxable","10":"product-type-simple"},"_links":{"self":[{"href":"https:\/\/uj.adatbank.ro\/lexikon\/wp-json\/wp\/v2\/product\/24546","targetHints":{"allow":["GET"]}}],"collection":[{"href":"https:\/\/uj.adatbank.ro\/lexikon\/wp-json\/wp\/v2\/product"}],"about":[{"href":"https:\/\/uj.adatbank.ro\/lexikon\/wp-json\/wp\/v2\/types\/product"}],"replies":[{"embeddable":true,"href":"https:\/\/uj.adatbank.ro\/lexikon\/wp-json\/wp\/v2\/comments?post=24546"}],"wp:attachment":[{"href":"https:\/\/uj.adatbank.ro\/lexikon\/wp-json\/wp\/v2\/media?parent=24546"}],"wp:term":[{"taxonomy":"product_brand","embeddable":true,"href":"https:\/\/uj.adatbank.ro\/lexikon\/wp-json\/wp\/v2\/product_brand?post=24546"},{"taxonomy":"product_cat","embeddable":true,"href":"https:\/\/uj.adatbank.ro\/lexikon\/wp-json\/wp\/v2\/product_cat?post=24546"},{"taxonomy":"product_tag","embeddable":true,"href":"https:\/\/uj.adatbank.ro\/lexikon\/wp-json\/wp\/v2\/product_tag?post=24546"}],"curies":[{"name":"wp","href":"https:\/\/api.w.org\/{rel}","templated":true}]}}