{"id":24549,"date":"2025-08-01T18:11:34","date_gmt":"2025-08-01T16:11:34","guid":{"rendered":"https:\/\/uj.adatbank.ro\/lexikon\/termek\/vidican-teodor\/"},"modified":"2025-08-01T18:11:34","modified_gmt":"2025-08-01T16:11:34","slug":"vidican-teodor","status":"publish","type":"product","link":"https:\/\/uj.adatbank.ro\/lexikon\/termek\/vidican-teodor\/","title":{"rendered":"VIDICAN, Teodor"},"content":{"rendered":"<p>? \u2020\u00a0?: g. kat. pap. \u2013 Pagocsa telepen szolg\u00e1lt (1977\u201384). Az \u0151 idej\u00e9ben \u00e9p\u00fclt a mai nagy isk., visszavette az isk.-nak haszn\u00e1lt r\u00e9gi papi lakot \u00e9s belek\u00f6lt\u00f6z\u00f6tt. <br \/><strong>\u2013 Irod.:<\/strong> \u015eincan 2006.<\/br><\/p>\n","protected":false},"excerpt":{"rendered":"<p>? \u2020\u00a0?: g. kat. pap. \u2013 Pagocsa telepen szolg\u00e1lt (1977\u201384). Az \u0151 idej\u00e9ben \u00e9p\u00fclt a mai nagy isk., visszavette az isk.-nak haszn\u00e1lt r\u00e9gi papi lakot \u00e9s belek\u00f6lt\u00f6z\u00f6tt. \u2013 Irod.: \u015eincan 2006.<\/p>\n","protected":false},"featured_media":0,"comment_status":"open","ping_status":"closed","template":"","meta":[],"product_brand":[],"product_cat":[137],"product_tag":[],"class_list":{"0":"post-24549","1":"product","2":"type-product","3":"status-publish","5":"product_cat-maros-megyei-eletrajzi-lexikon","7":"first","8":"instock","9":"shipping-taxable","10":"product-type-simple"},"_links":{"self":[{"href":"https:\/\/uj.adatbank.ro\/lexikon\/wp-json\/wp\/v2\/product\/24549","targetHints":{"allow":["GET"]}}],"collection":[{"href":"https:\/\/uj.adatbank.ro\/lexikon\/wp-json\/wp\/v2\/product"}],"about":[{"href":"https:\/\/uj.adatbank.ro\/lexikon\/wp-json\/wp\/v2\/types\/product"}],"replies":[{"embeddable":true,"href":"https:\/\/uj.adatbank.ro\/lexikon\/wp-json\/wp\/v2\/comments?post=24549"}],"wp:attachment":[{"href":"https:\/\/uj.adatbank.ro\/lexikon\/wp-json\/wp\/v2\/media?parent=24549"}],"wp:term":[{"taxonomy":"product_brand","embeddable":true,"href":"https:\/\/uj.adatbank.ro\/lexikon\/wp-json\/wp\/v2\/product_brand?post=24549"},{"taxonomy":"product_cat","embeddable":true,"href":"https:\/\/uj.adatbank.ro\/lexikon\/wp-json\/wp\/v2\/product_cat?post=24549"},{"taxonomy":"product_tag","embeddable":true,"href":"https:\/\/uj.adatbank.ro\/lexikon\/wp-json\/wp\/v2\/product_tag?post=24549"}],"curies":[{"name":"wp","href":"https:\/\/api.w.org\/{rel}","templated":true}]}}