{"id":24555,"date":"2025-08-01T18:11:49","date_gmt":"2025-08-01T16:11:49","guid":{"rendered":"https:\/\/uj.adatbank.ro\/lexikon\/termek\/vigh-sandor\/"},"modified":"2025-08-01T18:11:49","modified_gmt":"2025-08-01T16:11:49","slug":"vigh-sandor","status":"publish","type":"product","link":"https:\/\/uj.adatbank.ro\/lexikon\/termek\/vigh-sandor\/","title":{"rendered":"V\u00cdGH S\u00e1ndor"},"content":{"rendered":"<p>? 1866., \u2020\u00a0Szov\u00e1ta, 1928.: tan\u00edt\u00f3. \u2013 Levita tan\u00edt\u00f3 Szov\u00e1t\u00e1n tan\u00edtott a ref. iskol\u00e1ban lemond\u00e1s\u00e1ig (1897. dec. 6. \u2013 1922. okt. 30.). 32 \u00e9ves egyh\u00e1zi szolg\u00e1lat ut\u00e1n a szakad\u00e1ti \u00e1llami iskol\u00e1ban tan\u00edtott, el\u0151sz\u00f6r m. nyelv\u0171 iskola volt, ami az \u00c9ltet\u0151-f\u00e9le f\u0171r\u00e9sz\u00fczem irod\u00e1j\u00e1ban m\u0171k\u00f6d\u00f6tt. Hal\u00e1la el\u0151tt az egyh\u00e1znak adom\u00e1nyozott 8 hold letarolt erd\u0151ter\u00fcletet. <br \/><strong>\u2013 Irod.:<\/strong> Szov\u00e1ta.<\/br><\/p>\n","protected":false},"excerpt":{"rendered":"<p>? 1866., \u2020\u00a0Szov\u00e1ta, 1928.: tan\u00edt\u00f3. \u2013 Levita tan\u00edt\u00f3 Szov\u00e1t\u00e1n tan\u00edtott a ref. iskol\u00e1ban lemond\u00e1s\u00e1ig (1897. dec. 6. \u2013 1922. okt. 30.). 32 \u00e9ves egyh\u00e1zi szolg\u00e1lat ut\u00e1n a szakad\u00e1ti \u00e1llami iskol\u00e1ban tan\u00edtott, el\u0151sz\u00f6r m. nyelv\u0171 iskola volt, ami az \u00c9ltet\u0151-f\u00e9le f\u0171r\u00e9sz\u00fczem irod\u00e1j\u00e1ban m\u0171k\u00f6d\u00f6tt. Hal\u00e1la el\u0151tt az egyh\u00e1znak adom\u00e1nyozott 8 hold letarolt erd\u0151ter\u00fcletet. \u2013 Irod.: Szov\u00e1ta.<\/p>\n","protected":false},"featured_media":0,"comment_status":"open","ping_status":"closed","template":"","meta":[],"product_brand":[],"product_cat":[137],"product_tag":[],"class_list":{"0":"post-24555","1":"product","2":"type-product","3":"status-publish","5":"product_cat-maros-megyei-eletrajzi-lexikon","7":"first","8":"instock","9":"shipping-taxable","10":"product-type-simple"},"_links":{"self":[{"href":"https:\/\/uj.adatbank.ro\/lexikon\/wp-json\/wp\/v2\/product\/24555","targetHints":{"allow":["GET"]}}],"collection":[{"href":"https:\/\/uj.adatbank.ro\/lexikon\/wp-json\/wp\/v2\/product"}],"about":[{"href":"https:\/\/uj.adatbank.ro\/lexikon\/wp-json\/wp\/v2\/types\/product"}],"replies":[{"embeddable":true,"href":"https:\/\/uj.adatbank.ro\/lexikon\/wp-json\/wp\/v2\/comments?post=24555"}],"wp:attachment":[{"href":"https:\/\/uj.adatbank.ro\/lexikon\/wp-json\/wp\/v2\/media?parent=24555"}],"wp:term":[{"taxonomy":"product_brand","embeddable":true,"href":"https:\/\/uj.adatbank.ro\/lexikon\/wp-json\/wp\/v2\/product_brand?post=24555"},{"taxonomy":"product_cat","embeddable":true,"href":"https:\/\/uj.adatbank.ro\/lexikon\/wp-json\/wp\/v2\/product_cat?post=24555"},{"taxonomy":"product_tag","embeddable":true,"href":"https:\/\/uj.adatbank.ro\/lexikon\/wp-json\/wp\/v2\/product_tag?post=24555"}],"curies":[{"name":"wp","href":"https:\/\/api.w.org\/{rel}","templated":true}]}}