{"id":24557,"date":"2025-08-01T18:11:53","date_gmt":"2025-08-01T16:11:53","guid":{"rendered":"https:\/\/uj.adatbank.ro\/lexikon\/termek\/vikol-bogdan\/"},"modified":"2025-08-01T18:11:53","modified_gmt":"2025-08-01T16:11:53","slug":"vikol-bogdan","status":"publish","type":"product","link":"https:\/\/uj.adatbank.ro\/lexikon\/termek\/vikol-bogdan\/","title":{"rendered":"VIKOL Bogd\u00e1n"},"content":{"rendered":"<p>1861? \u2020\u00a0Mv., 1926. m\u00e1rc. 29.: tisztvisel\u0151. \u2013 Testv\u00e9rei: V. Anna; R\u00f3za Pap Ferencn\u00e9; Mikl\u00f3s; Rebeka Szab\u00f3 Gyul\u00e1n\u00e9. \u2013 Mv.-en v\u00e1rosi tisztvisel\u0151. <br \/><strong>\u2013 Irod.:<\/strong> Gy\u00e1szjelent\u0151.<\/br><\/p>\n","protected":false},"excerpt":{"rendered":"<p>1861? \u2020\u00a0Mv., 1926. m\u00e1rc. 29.: tisztvisel\u0151. \u2013 Testv\u00e9rei: V. Anna; R\u00f3za Pap Ferencn\u00e9; Mikl\u00f3s; Rebeka Szab\u00f3 Gyul\u00e1n\u00e9. \u2013 Mv.-en v\u00e1rosi tisztvisel\u0151. \u2013 Irod.: Gy\u00e1szjelent\u0151.<\/p>\n","protected":false},"featured_media":0,"comment_status":"open","ping_status":"closed","template":"","meta":[],"product_brand":[],"product_cat":[137],"product_tag":[],"class_list":{"0":"post-24557","1":"product","2":"type-product","3":"status-publish","5":"product_cat-maros-megyei-eletrajzi-lexikon","7":"first","8":"instock","9":"shipping-taxable","10":"product-type-simple"},"_links":{"self":[{"href":"https:\/\/uj.adatbank.ro\/lexikon\/wp-json\/wp\/v2\/product\/24557","targetHints":{"allow":["GET"]}}],"collection":[{"href":"https:\/\/uj.adatbank.ro\/lexikon\/wp-json\/wp\/v2\/product"}],"about":[{"href":"https:\/\/uj.adatbank.ro\/lexikon\/wp-json\/wp\/v2\/types\/product"}],"replies":[{"embeddable":true,"href":"https:\/\/uj.adatbank.ro\/lexikon\/wp-json\/wp\/v2\/comments?post=24557"}],"wp:attachment":[{"href":"https:\/\/uj.adatbank.ro\/lexikon\/wp-json\/wp\/v2\/media?parent=24557"}],"wp:term":[{"taxonomy":"product_brand","embeddable":true,"href":"https:\/\/uj.adatbank.ro\/lexikon\/wp-json\/wp\/v2\/product_brand?post=24557"},{"taxonomy":"product_cat","embeddable":true,"href":"https:\/\/uj.adatbank.ro\/lexikon\/wp-json\/wp\/v2\/product_cat?post=24557"},{"taxonomy":"product_tag","embeddable":true,"href":"https:\/\/uj.adatbank.ro\/lexikon\/wp-json\/wp\/v2\/product_tag?post=24557"}],"curies":[{"name":"wp","href":"https:\/\/api.w.org\/{rel}","templated":true}]}}