{"id":24559,"date":"2025-08-01T18:11:59","date_gmt":"2025-08-01T16:11:59","guid":{"rendered":"https:\/\/uj.adatbank.ro\/lexikon\/termek\/vilcsek-jozsef\/"},"modified":"2025-08-01T18:11:59","modified_gmt":"2025-08-01T16:11:59","slug":"vilcsek-jozsef","status":"publish","type":"product","link":"https:\/\/uj.adatbank.ro\/lexikon\/termek\/vilcsek-jozsef\/","title":{"rendered":"VILCSEK J\u00f3zsef"},"content":{"rendered":"<p>? \u2020\u00a0?: villanyszerel\u0151. \u2013 Mv.-en a Bern\u00e1th Andor Cukorgy\u00e1rban dolgozott. Kiz\u00e1rt\u00e1k a RMP-b\u00f3l, mert a M. Meg\u00fajul\u00e1s P\u00e1rtja tagja volt (1941\u201344). Szamos\u00fajv\u00e1ron volt politikai fogoly (1947\u201348), a p\u00e1rt \u00e9s a korm\u00e1ny hat\u00e1rozataival szemben ellens\u00e9ges propagand\u00e1t folytatott. Szabot\u00e1lta a cukorgy\u00e1ri munk\u00e1t (1958\u201359), a securitate megfigyeltette (1961 k.). <br \/><strong>\u2013 Irod.:<\/strong> Akik im\u00e1dkoztak 2.; Bartos 2012.<\/br><\/p>\n","protected":false},"excerpt":{"rendered":"<p>? \u2020\u00a0?: villanyszerel\u0151. \u2013 Mv.-en a Bern\u00e1th Andor Cukorgy\u00e1rban dolgozott. Kiz\u00e1rt\u00e1k a RMP-b\u00f3l, mert a M. Meg\u00fajul\u00e1s P\u00e1rtja tagja volt (1941\u201344). Szamos\u00fajv\u00e1ron volt politikai fogoly (1947\u201348), a p\u00e1rt \u00e9s a korm\u00e1ny hat\u00e1rozataival szemben ellens\u00e9ges propagand\u00e1t folytatott. Szabot\u00e1lta a cukorgy\u00e1ri munk\u00e1t (1958\u201359), a securitate megfigyeltette (1961 k.). \u2013 Irod.: Akik im\u00e1dkoztak 2.; Bartos 2012.<\/p>\n","protected":false},"featured_media":0,"comment_status":"open","ping_status":"closed","template":"","meta":[],"product_brand":[],"product_cat":[137],"product_tag":[],"class_list":{"0":"post-24559","1":"product","2":"type-product","3":"status-publish","5":"product_cat-maros-megyei-eletrajzi-lexikon","7":"first","8":"instock","9":"shipping-taxable","10":"product-type-simple"},"_links":{"self":[{"href":"https:\/\/uj.adatbank.ro\/lexikon\/wp-json\/wp\/v2\/product\/24559","targetHints":{"allow":["GET"]}}],"collection":[{"href":"https:\/\/uj.adatbank.ro\/lexikon\/wp-json\/wp\/v2\/product"}],"about":[{"href":"https:\/\/uj.adatbank.ro\/lexikon\/wp-json\/wp\/v2\/types\/product"}],"replies":[{"embeddable":true,"href":"https:\/\/uj.adatbank.ro\/lexikon\/wp-json\/wp\/v2\/comments?post=24559"}],"wp:attachment":[{"href":"https:\/\/uj.adatbank.ro\/lexikon\/wp-json\/wp\/v2\/media?parent=24559"}],"wp:term":[{"taxonomy":"product_brand","embeddable":true,"href":"https:\/\/uj.adatbank.ro\/lexikon\/wp-json\/wp\/v2\/product_brand?post=24559"},{"taxonomy":"product_cat","embeddable":true,"href":"https:\/\/uj.adatbank.ro\/lexikon\/wp-json\/wp\/v2\/product_cat?post=24559"},{"taxonomy":"product_tag","embeddable":true,"href":"https:\/\/uj.adatbank.ro\/lexikon\/wp-json\/wp\/v2\/product_tag?post=24559"}],"curies":[{"name":"wp","href":"https:\/\/api.w.org\/{rel}","templated":true}]}}