{"id":24560,"date":"2025-08-01T18:12:01","date_gmt":"2025-08-01T16:12:01","guid":{"rendered":"https:\/\/uj.adatbank.ro\/lexikon\/termek\/vild-mihaly\/"},"modified":"2025-08-01T18:12:01","modified_gmt":"2025-08-01T16:12:01","slug":"vild-mihaly","status":"publish","type":"product","link":"https:\/\/uj.adatbank.ro\/lexikon\/termek\/vild-mihaly\/","title":{"rendered":"VILD Mih\u00e1ly"},"content":{"rendered":"<p>Borsz\u00e9k, 1898., \u2020\u00a0?: malomtulajdonos. \u2013 Iskol\u00e1i elv\u00e9gz\u00e9se ut\u00e1n a k\u0151m\u0171vesiparban szabadult fel \u00e9s mint seg\u00e9d Borsz\u00e9ken fejlesztette szaktud\u00e1s\u00e1t. A moln\u00e1riparra k\u00e9s\u0151bb t\u00e9rt \u00e1t, Havadon vett malmot (1931), ahol v\u00e1m\u0151rl\u00e9ssel foglalkozott. A MP tagja, a hazafias \u00e9s kultur\u00e1lis egyes\u00fcletek t\u00e1mogat\u00f3ja volt.. <br \/><strong>\u2013 Irod.:<\/strong> Sz\u00e9kelyf\u00f6ld \u00ed. k.<\/br><\/p>\n","protected":false},"excerpt":{"rendered":"<p>Borsz\u00e9k, 1898., \u2020\u00a0?: malomtulajdonos. \u2013 Iskol\u00e1i elv\u00e9gz\u00e9se ut\u00e1n a k\u0151m\u0171vesiparban szabadult fel \u00e9s mint seg\u00e9d Borsz\u00e9ken fejlesztette szaktud\u00e1s\u00e1t. A moln\u00e1riparra k\u00e9s\u0151bb t\u00e9rt \u00e1t, Havadon vett malmot (1931), ahol v\u00e1m\u0151rl\u00e9ssel foglalkozott. A MP tagja, a hazafias \u00e9s kultur\u00e1lis egyes\u00fcletek t\u00e1mogat\u00f3ja volt.. \u2013 Irod.: Sz\u00e9kelyf\u00f6ld \u00ed. k.<\/p>\n","protected":false},"featured_media":0,"comment_status":"open","ping_status":"closed","template":"","meta":[],"product_brand":[],"product_cat":[137],"product_tag":[],"class_list":{"0":"post-24560","1":"product","2":"type-product","3":"status-publish","5":"product_cat-maros-megyei-eletrajzi-lexikon","7":"first","8":"instock","9":"shipping-taxable","10":"product-type-simple"},"_links":{"self":[{"href":"https:\/\/uj.adatbank.ro\/lexikon\/wp-json\/wp\/v2\/product\/24560","targetHints":{"allow":["GET"]}}],"collection":[{"href":"https:\/\/uj.adatbank.ro\/lexikon\/wp-json\/wp\/v2\/product"}],"about":[{"href":"https:\/\/uj.adatbank.ro\/lexikon\/wp-json\/wp\/v2\/types\/product"}],"replies":[{"embeddable":true,"href":"https:\/\/uj.adatbank.ro\/lexikon\/wp-json\/wp\/v2\/comments?post=24560"}],"wp:attachment":[{"href":"https:\/\/uj.adatbank.ro\/lexikon\/wp-json\/wp\/v2\/media?parent=24560"}],"wp:term":[{"taxonomy":"product_brand","embeddable":true,"href":"https:\/\/uj.adatbank.ro\/lexikon\/wp-json\/wp\/v2\/product_brand?post=24560"},{"taxonomy":"product_cat","embeddable":true,"href":"https:\/\/uj.adatbank.ro\/lexikon\/wp-json\/wp\/v2\/product_cat?post=24560"},{"taxonomy":"product_tag","embeddable":true,"href":"https:\/\/uj.adatbank.ro\/lexikon\/wp-json\/wp\/v2\/product_tag?post=24560"}],"curies":[{"name":"wp","href":"https:\/\/api.w.org\/{rel}","templated":true}]}}