{"id":24564,"date":"2025-08-01T18:12:10","date_gmt":"2025-08-01T16:12:10","guid":{"rendered":"https:\/\/uj.adatbank.ro\/lexikon\/termek\/vilman-geza-wilman-geza\/"},"modified":"2025-08-01T18:12:10","modified_gmt":"2025-08-01T16:12:10","slug":"vilman-geza-wilman-geza","status":"publish","type":"product","link":"https:\/\/uj.adatbank.ro\/lexikon\/termek\/vilman-geza-wilman-geza\/","title":{"rendered":"VILM\u00c1N G\u00e9za, Wilman G\u00e9za"},"content":{"rendered":"<p>Mv., 1867. m\u00e1j. 30., \u2020\u00a0Gyergy\u00f3szentmikl\u00f3s, 1938. febr. 10.: r. k. pap. \u2013 Mv.-en \u00e9s Gyulafeh\u00e9rv\u00e1ron tanult, papp\u00e1 szentelt\u00e9k (1892. j\u00fal. 12.). Szolg\u00e1lt Torj\u00e1n, Kily\u00e9nfalv\u00e1n, Cs\u00edkszenttam\u00e1son, Cs\u00edkmadarason (1921\u201333). <br \/><strong>\u2013 Irod.:<\/strong> Ferenczi S\u00e1ndor 2009.<\/br><\/p>\n","protected":false},"excerpt":{"rendered":"<p>Mv., 1867. m\u00e1j. 30., \u2020\u00a0Gyergy\u00f3szentmikl\u00f3s, 1938. febr. 10.: r. k. pap. \u2013 Mv.-en \u00e9s Gyulafeh\u00e9rv\u00e1ron tanult, papp\u00e1 szentelt\u00e9k (1892. j\u00fal. 12.). Szolg\u00e1lt Torj\u00e1n, Kily\u00e9nfalv\u00e1n, Cs\u00edkszenttam\u00e1son, Cs\u00edkmadarason (1921\u201333). \u2013 Irod.: Ferenczi S\u00e1ndor 2009.<\/p>\n","protected":false},"featured_media":0,"comment_status":"open","ping_status":"closed","template":"","meta":[],"product_brand":[],"product_cat":[137],"product_tag":[],"class_list":{"0":"post-24564","1":"product","2":"type-product","3":"status-publish","5":"product_cat-maros-megyei-eletrajzi-lexikon","7":"first","8":"instock","9":"shipping-taxable","10":"product-type-simple"},"_links":{"self":[{"href":"https:\/\/uj.adatbank.ro\/lexikon\/wp-json\/wp\/v2\/product\/24564","targetHints":{"allow":["GET"]}}],"collection":[{"href":"https:\/\/uj.adatbank.ro\/lexikon\/wp-json\/wp\/v2\/product"}],"about":[{"href":"https:\/\/uj.adatbank.ro\/lexikon\/wp-json\/wp\/v2\/types\/product"}],"replies":[{"embeddable":true,"href":"https:\/\/uj.adatbank.ro\/lexikon\/wp-json\/wp\/v2\/comments?post=24564"}],"wp:attachment":[{"href":"https:\/\/uj.adatbank.ro\/lexikon\/wp-json\/wp\/v2\/media?parent=24564"}],"wp:term":[{"taxonomy":"product_brand","embeddable":true,"href":"https:\/\/uj.adatbank.ro\/lexikon\/wp-json\/wp\/v2\/product_brand?post=24564"},{"taxonomy":"product_cat","embeddable":true,"href":"https:\/\/uj.adatbank.ro\/lexikon\/wp-json\/wp\/v2\/product_cat?post=24564"},{"taxonomy":"product_tag","embeddable":true,"href":"https:\/\/uj.adatbank.ro\/lexikon\/wp-json\/wp\/v2\/product_tag?post=24564"}],"curies":[{"name":"wp","href":"https:\/\/api.w.org\/{rel}","templated":true}]}}