{"id":24565,"date":"2025-08-01T18:12:12","date_gmt":"2025-08-01T16:12:12","guid":{"rendered":"https:\/\/uj.adatbank.ro\/lexikon\/termek\/vilman-gyorgy\/"},"modified":"2025-08-01T18:12:12","modified_gmt":"2025-08-01T16:12:12","slug":"vilman-gyorgy","status":"publish","type":"product","link":"https:\/\/uj.adatbank.ro\/lexikon\/termek\/vilman-gyorgy\/","title":{"rendered":"VILM\u00c1N Gy\u00f6rgy"},"content":{"rendered":"<p>? \u2020\u00a0?: esk\u00fcdt polg\u00e1r, szolgab\u00edr\u00f3. \u2013 A Mv.-i esk\u00fcdt k\u00f6z\u00f6ns\u00e9g tagja (1791). <br \/><strong>\u2013 Irod.:<\/strong> P\u00e1l-Antal 2006.<\/br><\/p>\n","protected":false},"excerpt":{"rendered":"<p>? \u2020\u00a0?: esk\u00fcdt polg\u00e1r, szolgab\u00edr\u00f3. \u2013 A Mv.-i esk\u00fcdt k\u00f6z\u00f6ns\u00e9g tagja (1791). \u2013 Irod.: P\u00e1l-Antal 2006.<\/p>\n","protected":false},"featured_media":0,"comment_status":"open","ping_status":"closed","template":"","meta":[],"product_brand":[],"product_cat":[137],"product_tag":[],"class_list":{"0":"post-24565","1":"product","2":"type-product","3":"status-publish","5":"product_cat-maros-megyei-eletrajzi-lexikon","7":"first","8":"instock","9":"shipping-taxable","10":"product-type-simple"},"_links":{"self":[{"href":"https:\/\/uj.adatbank.ro\/lexikon\/wp-json\/wp\/v2\/product\/24565","targetHints":{"allow":["GET"]}}],"collection":[{"href":"https:\/\/uj.adatbank.ro\/lexikon\/wp-json\/wp\/v2\/product"}],"about":[{"href":"https:\/\/uj.adatbank.ro\/lexikon\/wp-json\/wp\/v2\/types\/product"}],"replies":[{"embeddable":true,"href":"https:\/\/uj.adatbank.ro\/lexikon\/wp-json\/wp\/v2\/comments?post=24565"}],"wp:attachment":[{"href":"https:\/\/uj.adatbank.ro\/lexikon\/wp-json\/wp\/v2\/media?parent=24565"}],"wp:term":[{"taxonomy":"product_brand","embeddable":true,"href":"https:\/\/uj.adatbank.ro\/lexikon\/wp-json\/wp\/v2\/product_brand?post=24565"},{"taxonomy":"product_cat","embeddable":true,"href":"https:\/\/uj.adatbank.ro\/lexikon\/wp-json\/wp\/v2\/product_cat?post=24565"},{"taxonomy":"product_tag","embeddable":true,"href":"https:\/\/uj.adatbank.ro\/lexikon\/wp-json\/wp\/v2\/product_tag?post=24565"}],"curies":[{"name":"wp","href":"https:\/\/api.w.org\/{rel}","templated":true}]}}