{"id":24569,"date":"2025-08-01T18:12:21","date_gmt":"2025-08-01T16:12:21","guid":{"rendered":"https:\/\/uj.adatbank.ro\/lexikon\/termek\/vincze\/"},"modified":"2025-08-01T18:12:21","modified_gmt":"2025-08-01T16:12:21","slug":"vincze","status":"publish","type":"product","link":"https:\/\/uj.adatbank.ro\/lexikon\/termek\/vincze\/","title":{"rendered":"VINCZE"},"content":{"rendered":"<p>? \u2020 ?: keresked\u0151, kiad\u00f3. \u2013 Vincze \u00e9s Leopold n\u00e9ven m\u0171k\u00f6d\u00f6tt Mv. f\u0151ter\u00e9n k\u00f6nyvesboltja \u00e9s nyomd\u00e1ja, k\u00e9peslap kiad\u00f3 is volt (1904 k.). <br \/><strong>\u2013 Irod.:<\/strong> Csepreghy 2010.<\/br><\/p>\n","protected":false},"excerpt":{"rendered":"<p>? \u2020 ?: keresked\u0151, kiad\u00f3. \u2013 Vincze \u00e9s Leopold n\u00e9ven m\u0171k\u00f6d\u00f6tt Mv. f\u0151ter\u00e9n k\u00f6nyvesboltja \u00e9s nyomd\u00e1ja, k\u00e9peslap kiad\u00f3 is volt (1904 k.). \u2013 Irod.: Csepreghy 2010.<\/p>\n","protected":false},"featured_media":0,"comment_status":"open","ping_status":"closed","template":"","meta":[],"product_brand":[],"product_cat":[137],"product_tag":[],"class_list":{"0":"post-24569","1":"product","2":"type-product","3":"status-publish","5":"product_cat-maros-megyei-eletrajzi-lexikon","7":"first","8":"instock","9":"shipping-taxable","10":"product-type-simple"},"_links":{"self":[{"href":"https:\/\/uj.adatbank.ro\/lexikon\/wp-json\/wp\/v2\/product\/24569","targetHints":{"allow":["GET"]}}],"collection":[{"href":"https:\/\/uj.adatbank.ro\/lexikon\/wp-json\/wp\/v2\/product"}],"about":[{"href":"https:\/\/uj.adatbank.ro\/lexikon\/wp-json\/wp\/v2\/types\/product"}],"replies":[{"embeddable":true,"href":"https:\/\/uj.adatbank.ro\/lexikon\/wp-json\/wp\/v2\/comments?post=24569"}],"wp:attachment":[{"href":"https:\/\/uj.adatbank.ro\/lexikon\/wp-json\/wp\/v2\/media?parent=24569"}],"wp:term":[{"taxonomy":"product_brand","embeddable":true,"href":"https:\/\/uj.adatbank.ro\/lexikon\/wp-json\/wp\/v2\/product_brand?post=24569"},{"taxonomy":"product_cat","embeddable":true,"href":"https:\/\/uj.adatbank.ro\/lexikon\/wp-json\/wp\/v2\/product_cat?post=24569"},{"taxonomy":"product_tag","embeddable":true,"href":"https:\/\/uj.adatbank.ro\/lexikon\/wp-json\/wp\/v2\/product_tag?post=24569"}],"curies":[{"name":"wp","href":"https:\/\/api.w.org\/{rel}","templated":true}]}}