{"id":24570,"date":"2025-08-01T18:12:23","date_gmt":"2025-08-01T16:12:23","guid":{"rendered":"https:\/\/uj.adatbank.ro\/lexikon\/termek\/vincze-bela\/"},"modified":"2025-08-01T18:12:23","modified_gmt":"2025-08-01T16:12:23","slug":"vincze-bela","status":"publish","type":"product","link":"https:\/\/uj.adatbank.ro\/lexikon\/termek\/vincze-bela\/","title":{"rendered":"VINCZE B\u00e9la"},"content":{"rendered":"<p>1864., \u2020 Mv., 1885. jan. 3.: tan\u00edt\u00f3. \u2013 V. Mih\u00e1ly \u00e9s Csernik \u00c1gnes fia. \u2013 Polg. iskolai tan\u00e1r-n\u00f6vend\u00e9k Bp.-en. <br \/><strong>\u2013 Irod.:<\/strong> Gy\u00e1szjelent\u0151; P\u00e1lmay J\u00f3zsef.<\/br><\/p>\n","protected":false},"excerpt":{"rendered":"<p>1864., \u2020 Mv., 1885. jan. 3.: tan\u00edt\u00f3. \u2013 V. Mih\u00e1ly \u00e9s Csernik \u00c1gnes fia. \u2013 Polg. iskolai tan\u00e1r-n\u00f6vend\u00e9k Bp.-en. \u2013 Irod.: Gy\u00e1szjelent\u0151; P\u00e1lmay J\u00f3zsef.<\/p>\n","protected":false},"featured_media":0,"comment_status":"open","ping_status":"closed","template":"","meta":[],"product_brand":[],"product_cat":[137],"product_tag":[],"class_list":{"0":"post-24570","1":"product","2":"type-product","3":"status-publish","5":"product_cat-maros-megyei-eletrajzi-lexikon","7":"first","8":"instock","9":"shipping-taxable","10":"product-type-simple"},"_links":{"self":[{"href":"https:\/\/uj.adatbank.ro\/lexikon\/wp-json\/wp\/v2\/product\/24570","targetHints":{"allow":["GET"]}}],"collection":[{"href":"https:\/\/uj.adatbank.ro\/lexikon\/wp-json\/wp\/v2\/product"}],"about":[{"href":"https:\/\/uj.adatbank.ro\/lexikon\/wp-json\/wp\/v2\/types\/product"}],"replies":[{"embeddable":true,"href":"https:\/\/uj.adatbank.ro\/lexikon\/wp-json\/wp\/v2\/comments?post=24570"}],"wp:attachment":[{"href":"https:\/\/uj.adatbank.ro\/lexikon\/wp-json\/wp\/v2\/media?parent=24570"}],"wp:term":[{"taxonomy":"product_brand","embeddable":true,"href":"https:\/\/uj.adatbank.ro\/lexikon\/wp-json\/wp\/v2\/product_brand?post=24570"},{"taxonomy":"product_cat","embeddable":true,"href":"https:\/\/uj.adatbank.ro\/lexikon\/wp-json\/wp\/v2\/product_cat?post=24570"},{"taxonomy":"product_tag","embeddable":true,"href":"https:\/\/uj.adatbank.ro\/lexikon\/wp-json\/wp\/v2\/product_tag?post=24570"}],"curies":[{"name":"wp","href":"https:\/\/api.w.org\/{rel}","templated":true}]}}