{"id":24572,"date":"2025-08-01T18:12:28","date_gmt":"2025-08-01T16:12:28","guid":{"rendered":"https:\/\/uj.adatbank.ro\/lexikon\/termek\/vinczeffy-jozsefne\/"},"modified":"2025-08-01T18:12:28","modified_gmt":"2025-08-01T16:12:28","slug":"vinczeffy-jozsefne","status":"publish","type":"product","link":"https:\/\/uj.adatbank.ro\/lexikon\/termek\/vinczeffy-jozsefne\/","title":{"rendered":"VINCZEFFY J\u00f3zsefn\u00e9"},"content":{"rendered":"<p>Makfalva., ? \u2020\u00a0?: gazd\u00e1lkod\u00f3. \u2013 F\u00e9rje Makfalva tekint\u00e9lyes polg\u00e1ra volt, elhunyta ut\u00e1n (1915) feles\u00e9ge k\u00e9t testv\u00e9r\u00e9vel vezeti 60 hold f\u00f6ld\u00f6n a gazdas\u00e1got. A hazafias egyes\u00fcleteket t\u00e1mogatta <br \/><strong>\u2013 Irod.:<\/strong> Sz\u00e9kelyf\u00f6ld \u00ed. k.<\/br><\/p>\n","protected":false},"excerpt":{"rendered":"<p>Makfalva., ? \u2020\u00a0?: gazd\u00e1lkod\u00f3. \u2013 F\u00e9rje Makfalva tekint\u00e9lyes polg\u00e1ra volt, elhunyta ut\u00e1n (1915) feles\u00e9ge k\u00e9t testv\u00e9r\u00e9vel vezeti 60 hold f\u00f6ld\u00f6n a gazdas\u00e1got. A hazafias egyes\u00fcleteket t\u00e1mogatta \u2013 Irod.: Sz\u00e9kelyf\u00f6ld \u00ed. k.<\/p>\n","protected":false},"featured_media":0,"comment_status":"open","ping_status":"closed","template":"","meta":[],"product_brand":[],"product_cat":[137],"product_tag":[],"class_list":{"0":"post-24572","1":"product","2":"type-product","3":"status-publish","5":"product_cat-maros-megyei-eletrajzi-lexikon","7":"first","8":"instock","9":"shipping-taxable","10":"product-type-simple"},"_links":{"self":[{"href":"https:\/\/uj.adatbank.ro\/lexikon\/wp-json\/wp\/v2\/product\/24572","targetHints":{"allow":["GET"]}}],"collection":[{"href":"https:\/\/uj.adatbank.ro\/lexikon\/wp-json\/wp\/v2\/product"}],"about":[{"href":"https:\/\/uj.adatbank.ro\/lexikon\/wp-json\/wp\/v2\/types\/product"}],"replies":[{"embeddable":true,"href":"https:\/\/uj.adatbank.ro\/lexikon\/wp-json\/wp\/v2\/comments?post=24572"}],"wp:attachment":[{"href":"https:\/\/uj.adatbank.ro\/lexikon\/wp-json\/wp\/v2\/media?parent=24572"}],"wp:term":[{"taxonomy":"product_brand","embeddable":true,"href":"https:\/\/uj.adatbank.ro\/lexikon\/wp-json\/wp\/v2\/product_brand?post=24572"},{"taxonomy":"product_cat","embeddable":true,"href":"https:\/\/uj.adatbank.ro\/lexikon\/wp-json\/wp\/v2\/product_cat?post=24572"},{"taxonomy":"product_tag","embeddable":true,"href":"https:\/\/uj.adatbank.ro\/lexikon\/wp-json\/wp\/v2\/product_tag?post=24572"}],"curies":[{"name":"wp","href":"https:\/\/api.w.org\/{rel}","templated":true}]}}