{"id":24573,"date":"2025-08-01T18:12:30","date_gmt":"2025-08-01T16:12:30","guid":{"rendered":"https:\/\/uj.adatbank.ro\/lexikon\/termek\/vinczefi-laszlo\/"},"modified":"2025-08-01T18:12:30","modified_gmt":"2025-08-01T16:12:30","slug":"vinczefi-laszlo","status":"publish","type":"product","link":"https:\/\/uj.adatbank.ro\/lexikon\/termek\/vinczefi-laszlo\/","title":{"rendered":"VINCZEFI L\u00e1szl\u00f3"},"content":{"rendered":"<p>? \u2020\u00a0?: tan\u00edt\u00f3. \u2013 B\u00faz\u00e1sbeseny\u0151ben a r. kat isk.-ban tan\u00edtott az iskola t\u00f6rt\u00e9net\u00e9nek kezdet\u00e9t\u0151l (1881\u20131900). Ekkor h\u00e1rom oszt\u00e1lyos egyh\u00e1zi iskolak\u00e9nt m\u0171k\u00f6d\u00f6tt 43 gyerekkel. <br \/><strong>\u2013 Irod.:<\/strong> B\u00faz\u00e1sbeseny\u0151.<\/br><\/p>\n","protected":false},"excerpt":{"rendered":"<p>? \u2020\u00a0?: tan\u00edt\u00f3. \u2013 B\u00faz\u00e1sbeseny\u0151ben a r. kat isk.-ban tan\u00edtott az iskola t\u00f6rt\u00e9net\u00e9nek kezdet\u00e9t\u0151l (1881\u20131900). Ekkor h\u00e1rom oszt\u00e1lyos egyh\u00e1zi iskolak\u00e9nt m\u0171k\u00f6d\u00f6tt 43 gyerekkel. \u2013 Irod.: B\u00faz\u00e1sbeseny\u0151.<\/p>\n","protected":false},"featured_media":0,"comment_status":"open","ping_status":"closed","template":"","meta":[],"product_brand":[],"product_cat":[137],"product_tag":[],"class_list":{"0":"post-24573","1":"product","2":"type-product","3":"status-publish","5":"product_cat-maros-megyei-eletrajzi-lexikon","7":"first","8":"instock","9":"shipping-taxable","10":"product-type-simple"},"_links":{"self":[{"href":"https:\/\/uj.adatbank.ro\/lexikon\/wp-json\/wp\/v2\/product\/24573","targetHints":{"allow":["GET"]}}],"collection":[{"href":"https:\/\/uj.adatbank.ro\/lexikon\/wp-json\/wp\/v2\/product"}],"about":[{"href":"https:\/\/uj.adatbank.ro\/lexikon\/wp-json\/wp\/v2\/types\/product"}],"replies":[{"embeddable":true,"href":"https:\/\/uj.adatbank.ro\/lexikon\/wp-json\/wp\/v2\/comments?post=24573"}],"wp:attachment":[{"href":"https:\/\/uj.adatbank.ro\/lexikon\/wp-json\/wp\/v2\/media?parent=24573"}],"wp:term":[{"taxonomy":"product_brand","embeddable":true,"href":"https:\/\/uj.adatbank.ro\/lexikon\/wp-json\/wp\/v2\/product_brand?post=24573"},{"taxonomy":"product_cat","embeddable":true,"href":"https:\/\/uj.adatbank.ro\/lexikon\/wp-json\/wp\/v2\/product_cat?post=24573"},{"taxonomy":"product_tag","embeddable":true,"href":"https:\/\/uj.adatbank.ro\/lexikon\/wp-json\/wp\/v2\/product_tag?post=24573"}],"curies":[{"name":"wp","href":"https:\/\/api.w.org\/{rel}","templated":true}]}}