{"id":24574,"date":"2025-08-01T18:12:32","date_gmt":"2025-08-01T16:12:32","guid":{"rendered":"https:\/\/uj.adatbank.ro\/lexikon\/termek\/vinczi-janos\/"},"modified":"2025-08-01T18:12:32","modified_gmt":"2025-08-01T16:12:32","slug":"vinczi-janos","status":"publish","type":"product","link":"https:\/\/uj.adatbank.ro\/lexikon\/termek\/vinczi-janos\/","title":{"rendered":"VINCZI J\u00e1nos"},"content":{"rendered":"<p>Magyarkir\u00e1lyfalva, 940. j\u00fan. 25.\u2020\u00a0?: aut\u00f3szerel\u0151. A mv.-i Securitate letart\u00f3ztatta (1958. aug. 21.). Tiltott hat\u00e1r\u00e1tl\u00e9p\u00e9s k\u00eds\u00e9rlete miatt 4 \u00e9vre \u00edt\u00e9lt\u00e9k (1954). B\u00f6rt\u00f6n\u00e9veit Temesv\u00e1ron, Zsil\u00e1v\u00e1n, Kv.-on, Mv.-en, Ocnele Mari-i fiatalkor\u00faak b\u00f6rt\u00f6n\u00e9ben t\u00f6lt\u00f6tte (1964. j\u00fan. 25.). Szabadul\u00e1sa ut\u00e1n k\u00e1rpitos betegnyugd\u00edjaz\u00e1s\u00e1ig (1985). <br \/><strong>\u2013 Irod.:<\/strong> 1956 Erd\u00e9lyben.<\/br><\/p>\n","protected":false},"excerpt":{"rendered":"<p>Magyarkir\u00e1lyfalva, 940. j\u00fan. 25.\u2020\u00a0?: aut\u00f3szerel\u0151. A mv.-i Securitate letart\u00f3ztatta (1958. aug. 21.). Tiltott hat\u00e1r\u00e1tl\u00e9p\u00e9s k\u00eds\u00e9rlete miatt 4 \u00e9vre \u00edt\u00e9lt\u00e9k (1954). B\u00f6rt\u00f6n\u00e9veit Temesv\u00e1ron, Zsil\u00e1v\u00e1n, Kv.-on, Mv.-en, Ocnele Mari-i fiatalkor\u00faak b\u00f6rt\u00f6n\u00e9ben t\u00f6lt\u00f6tte (1964. j\u00fan. 25.). Szabadul\u00e1sa ut\u00e1n k\u00e1rpitos betegnyugd\u00edjaz\u00e1s\u00e1ig (1985). \u2013 Irod.: 1956 Erd\u00e9lyben.<\/p>\n","protected":false},"featured_media":0,"comment_status":"open","ping_status":"closed","template":"","meta":[],"product_brand":[],"product_cat":[137],"product_tag":[],"class_list":{"0":"post-24574","1":"product","2":"type-product","3":"status-publish","5":"product_cat-maros-megyei-eletrajzi-lexikon","7":"first","8":"instock","9":"shipping-taxable","10":"product-type-simple"},"_links":{"self":[{"href":"https:\/\/uj.adatbank.ro\/lexikon\/wp-json\/wp\/v2\/product\/24574","targetHints":{"allow":["GET"]}}],"collection":[{"href":"https:\/\/uj.adatbank.ro\/lexikon\/wp-json\/wp\/v2\/product"}],"about":[{"href":"https:\/\/uj.adatbank.ro\/lexikon\/wp-json\/wp\/v2\/types\/product"}],"replies":[{"embeddable":true,"href":"https:\/\/uj.adatbank.ro\/lexikon\/wp-json\/wp\/v2\/comments?post=24574"}],"wp:attachment":[{"href":"https:\/\/uj.adatbank.ro\/lexikon\/wp-json\/wp\/v2\/media?parent=24574"}],"wp:term":[{"taxonomy":"product_brand","embeddable":true,"href":"https:\/\/uj.adatbank.ro\/lexikon\/wp-json\/wp\/v2\/product_brand?post=24574"},{"taxonomy":"product_cat","embeddable":true,"href":"https:\/\/uj.adatbank.ro\/lexikon\/wp-json\/wp\/v2\/product_cat?post=24574"},{"taxonomy":"product_tag","embeddable":true,"href":"https:\/\/uj.adatbank.ro\/lexikon\/wp-json\/wp\/v2\/product_tag?post=24574"}],"curies":[{"name":"wp","href":"https:\/\/api.w.org\/{rel}","templated":true}]}}