{"id":24575,"date":"2025-08-01T18:12:35","date_gmt":"2025-08-01T16:12:35","guid":{"rendered":"https:\/\/uj.adatbank.ro\/lexikon\/termek\/vingardi-gereb-janos-gereb-janos\/"},"modified":"2025-08-01T18:12:35","modified_gmt":"2025-08-01T16:12:35","slug":"vingardi-gereb-janos-gereb-janos","status":"publish","type":"product","link":"https:\/\/uj.adatbank.ro\/lexikon\/termek\/vingardi-gereb-janos-gereb-janos\/","title":{"rendered":"VING\u00c1RDI GER\u00c9B J\u00e1nos, Ger\u00e9b J\u00e1nos"},"content":{"rendered":"<p>?, \u2020 1471\/72: f\u0151\u00far, g\u00f6rg\u00e9nyi v\u00e1rkapit\u00e1ny, erd\u00e9lyi f\u0151kapit\u00e1ny, b\u00edr\u00f3. \u2013 Feles\u00e9ge, Szil\u00e1gyi Zs\u00f3fia r\u00e9v\u00e9n Hunyadi J\u00e1nos s\u00f3gora. Szerepel a t\u00f6rt. forr\u00e1sokban (1414\u201371). Udvari lovag, Hunyadi J\u00e1nos famili\u00e1risak\u00e9nt erd\u00e9lyi korm\u00e1nyz\u00f3 (1445\u2013), g\u00f6rg\u00e9nyi v\u00e1rnagy (1448\u201357), ugyanakkor erd\u00e9lyi alvajda (1450\u2013), a sz\u00e9kelyek b\u00edr\u00e1ja. Hunyadi J\u00e1nos Marossz\u00e9kre rendelte \u00e9s ott a sz\u00e9k f\u0151tisztjeivel \u00e9s 24 b\u00edr\u00e1j\u00e1val sz\u00e9kely b\u00edr\u00f3i k\u00f6zgy\u0171l\u00e9st tartottak (1451). Ekkor sz\u00fcletett meg a sz\u00e9kely \u00f6r\u00f6ks\u00e9g szab\u00e1lyoz\u00e1sa mint a sz\u00e9kely jogalkot\u00e1s egyik legkor\u00e1bbi \u00edrott eml\u00e9ke. V\u00edzaknai Mikl\u00f3s erd\u00e9lyi alvajd\u00e1val \u00edr\u00e1sba foglalt\u00e1k a mv.-i sz\u00e9kely gy\u0171l\u00e9snek a sz\u00e9kely \u00f6r\u00f6ks\u00e9gre vonatkoz\u00f3 hat\u00e1rozatait (1451. j\u00fan. 17.). \u00cdt\u00e9letet hozott a n\u00e1zn\u00e1nfalvi \u00e9s szentkir\u00e1lyi sz\u00e9kelyek \u00e9s Bolg\u00e1r ken\u00e9z rokonai k\u00f6z\u00f6tti birtokperben a v\u00e1s\u00e1rhelyi t\u00f6rv\u00e9nynapon (1453). M\u00e1ty\u00e1s kir\u00e1ly uralkod\u00e1s\u00e1nak elej\u00e9n, Szil\u00e1gyi Mih\u00e1ly mellett erd\u00e9lyi alkorm\u00e1nyz\u00f3 (1458\u201360). M\u00e1ty\u00e1st\u00f3l nagy birtokadom\u00e1nyokban r\u00e9szes\u00fclt, t\u00f6bbek k\u00f6z\u00f6tt megkapta a fogarasi v\u00e1ruradalmat. Birtokai k\u00f6zpontj\u00e1ban, Ving\u00e1rdon fel\u00e9p\u00edtette a ma is \u00e1ll\u00f3 templomot. <br \/><strong>\u2013 Irod.:<\/strong> Egyed \u00c1. 2006; Egyed \u00c1. 2013; Id\u0151t\u00e1r 1; Jancs\u00f3 Benedek: Erd\u00e9ly t\u00f6rt\u00e9nelme (Kv., 1931); Gurghiul; P\u00e1l-Antal 2002; SzOkl, 1; Sz\u00e9kelys\u00e9g; \u00daM\u00c9L.<\/br><\/p>\n","protected":false},"excerpt":{"rendered":"<p>?, \u2020 1471\/72: f\u0151\u00far, g\u00f6rg\u00e9nyi v\u00e1rkapit\u00e1ny, erd\u00e9lyi f\u0151kapit\u00e1ny, b\u00edr\u00f3. \u2013 Feles\u00e9ge, Szil\u00e1gyi Zs\u00f3fia r\u00e9v\u00e9n Hunyadi J\u00e1nos s\u00f3gora. Szerepel a t\u00f6rt. forr\u00e1sokban (1414\u201371). Udvari lovag, Hunyadi J\u00e1nos famili\u00e1risak\u00e9nt erd\u00e9lyi korm\u00e1nyz\u00f3 (1445\u2013), g\u00f6rg\u00e9nyi v\u00e1rnagy (1448\u201357), ugyanakkor erd\u00e9lyi alvajda (1450\u2013), a sz\u00e9kelyek b\u00edr\u00e1ja. Hunyadi J\u00e1nos Marossz\u00e9kre rendelte \u00e9s ott a sz\u00e9k f\u0151tisztjeivel \u00e9s 24 b\u00edr\u00e1j\u00e1val sz\u00e9kely b\u00edr\u00f3i k\u00f6zgy\u0171l\u00e9st [&hellip;]<\/p>\n","protected":false},"featured_media":0,"comment_status":"open","ping_status":"closed","template":"","meta":[],"product_brand":[],"product_cat":[137],"product_tag":[],"class_list":{"0":"post-24575","1":"product","2":"type-product","3":"status-publish","5":"product_cat-maros-megyei-eletrajzi-lexikon","7":"first","8":"instock","9":"shipping-taxable","10":"product-type-simple"},"_links":{"self":[{"href":"https:\/\/uj.adatbank.ro\/lexikon\/wp-json\/wp\/v2\/product\/24575","targetHints":{"allow":["GET"]}}],"collection":[{"href":"https:\/\/uj.adatbank.ro\/lexikon\/wp-json\/wp\/v2\/product"}],"about":[{"href":"https:\/\/uj.adatbank.ro\/lexikon\/wp-json\/wp\/v2\/types\/product"}],"replies":[{"embeddable":true,"href":"https:\/\/uj.adatbank.ro\/lexikon\/wp-json\/wp\/v2\/comments?post=24575"}],"wp:attachment":[{"href":"https:\/\/uj.adatbank.ro\/lexikon\/wp-json\/wp\/v2\/media?parent=24575"}],"wp:term":[{"taxonomy":"product_brand","embeddable":true,"href":"https:\/\/uj.adatbank.ro\/lexikon\/wp-json\/wp\/v2\/product_brand?post=24575"},{"taxonomy":"product_cat","embeddable":true,"href":"https:\/\/uj.adatbank.ro\/lexikon\/wp-json\/wp\/v2\/product_cat?post=24575"},{"taxonomy":"product_tag","embeddable":true,"href":"https:\/\/uj.adatbank.ro\/lexikon\/wp-json\/wp\/v2\/product_tag?post=24575"}],"curies":[{"name":"wp","href":"https:\/\/api.w.org\/{rel}","templated":true}]}}