{"id":24577,"date":"2025-08-01T18:12:39","date_gmt":"2025-08-01T16:12:39","guid":{"rendered":"https:\/\/uj.adatbank.ro\/lexikon\/termek\/vinkler-bernardin-ferenc-fr\/"},"modified":"2025-08-01T18:12:39","modified_gmt":"2025-08-01T16:12:39","slug":"vinkler-bernardin-ferenc-fr","status":"publish","type":"product","link":"https:\/\/uj.adatbank.ro\/lexikon\/termek\/vinkler-bernardin-ferenc-fr\/","title":{"rendered":"VINKLER Bernardin Ferenc, Fr."},"content":{"rendered":"<p>Fogaras, 1781. jan. 18., \u2020\u00a0Segesv\u00e1r, 1817. szept. 10.: ferences laikus. \u2013 Be\u00f6lt\u00f6z\u00f6tt (1809. sdec. 8.). <br \/><strong>\u2013 Irod.:<\/strong> Gy\u00f6rgy: A ferencrendiek.<\/br><\/p>\n","protected":false},"excerpt":{"rendered":"<p>Fogaras, 1781. jan. 18., \u2020\u00a0Segesv\u00e1r, 1817. szept. 10.: ferences laikus. \u2013 Be\u00f6lt\u00f6z\u00f6tt (1809. sdec. 8.). \u2013 Irod.: Gy\u00f6rgy: A ferencrendiek.<\/p>\n","protected":false},"featured_media":0,"comment_status":"open","ping_status":"closed","template":"","meta":[],"product_brand":[],"product_cat":[137],"product_tag":[],"class_list":{"0":"post-24577","1":"product","2":"type-product","3":"status-publish","5":"product_cat-maros-megyei-eletrajzi-lexikon","7":"first","8":"instock","9":"shipping-taxable","10":"product-type-simple"},"_links":{"self":[{"href":"https:\/\/uj.adatbank.ro\/lexikon\/wp-json\/wp\/v2\/product\/24577","targetHints":{"allow":["GET"]}}],"collection":[{"href":"https:\/\/uj.adatbank.ro\/lexikon\/wp-json\/wp\/v2\/product"}],"about":[{"href":"https:\/\/uj.adatbank.ro\/lexikon\/wp-json\/wp\/v2\/types\/product"}],"replies":[{"embeddable":true,"href":"https:\/\/uj.adatbank.ro\/lexikon\/wp-json\/wp\/v2\/comments?post=24577"}],"wp:attachment":[{"href":"https:\/\/uj.adatbank.ro\/lexikon\/wp-json\/wp\/v2\/media?parent=24577"}],"wp:term":[{"taxonomy":"product_brand","embeddable":true,"href":"https:\/\/uj.adatbank.ro\/lexikon\/wp-json\/wp\/v2\/product_brand?post=24577"},{"taxonomy":"product_cat","embeddable":true,"href":"https:\/\/uj.adatbank.ro\/lexikon\/wp-json\/wp\/v2\/product_cat?post=24577"},{"taxonomy":"product_tag","embeddable":true,"href":"https:\/\/uj.adatbank.ro\/lexikon\/wp-json\/wp\/v2\/product_tag?post=24577"}],"curies":[{"name":"wp","href":"https:\/\/api.w.org\/{rel}","templated":true}]}}