{"id":24582,"date":"2025-08-01T18:12:51","date_gmt":"2025-08-01T16:12:51","guid":{"rendered":"https:\/\/uj.adatbank.ro\/lexikon\/termek\/virag-andras\/"},"modified":"2025-08-01T18:12:51","modified_gmt":"2025-08-01T16:12:51","slug":"virag-andras","status":"publish","type":"product","link":"https:\/\/uj.adatbank.ro\/lexikon\/termek\/virag-andras\/","title":{"rendered":"VIR\u00c1G Andr\u00e1s"},"content":{"rendered":"<p>Sz\u00ednpadmester a mv.-i Sz\u00e9kely Sz\u00ednh\u00e1zban. <br \/><strong>\u2013 Irod.:<\/strong> Kov\u00e1cs Levente.<\/br><\/p>\n","protected":false},"excerpt":{"rendered":"<p>Sz\u00ednpadmester a mv.-i Sz\u00e9kely Sz\u00ednh\u00e1zban. \u2013 Irod.: Kov\u00e1cs Levente.<\/p>\n","protected":false},"featured_media":0,"comment_status":"open","ping_status":"closed","template":"","meta":[],"product_brand":[],"product_cat":[137],"product_tag":[],"class_list":{"0":"post-24582","1":"product","2":"type-product","3":"status-publish","5":"product_cat-maros-megyei-eletrajzi-lexikon","7":"first","8":"instock","9":"shipping-taxable","10":"product-type-simple"},"_links":{"self":[{"href":"https:\/\/uj.adatbank.ro\/lexikon\/wp-json\/wp\/v2\/product\/24582","targetHints":{"allow":["GET"]}}],"collection":[{"href":"https:\/\/uj.adatbank.ro\/lexikon\/wp-json\/wp\/v2\/product"}],"about":[{"href":"https:\/\/uj.adatbank.ro\/lexikon\/wp-json\/wp\/v2\/types\/product"}],"replies":[{"embeddable":true,"href":"https:\/\/uj.adatbank.ro\/lexikon\/wp-json\/wp\/v2\/comments?post=24582"}],"wp:attachment":[{"href":"https:\/\/uj.adatbank.ro\/lexikon\/wp-json\/wp\/v2\/media?parent=24582"}],"wp:term":[{"taxonomy":"product_brand","embeddable":true,"href":"https:\/\/uj.adatbank.ro\/lexikon\/wp-json\/wp\/v2\/product_brand?post=24582"},{"taxonomy":"product_cat","embeddable":true,"href":"https:\/\/uj.adatbank.ro\/lexikon\/wp-json\/wp\/v2\/product_cat?post=24582"},{"taxonomy":"product_tag","embeddable":true,"href":"https:\/\/uj.adatbank.ro\/lexikon\/wp-json\/wp\/v2\/product_tag?post=24582"}],"curies":[{"name":"wp","href":"https:\/\/api.w.org\/{rel}","templated":true}]}}