{"id":24585,"date":"2025-08-01T18:12:57","date_gmt":"2025-08-01T16:12:57","guid":{"rendered":"https:\/\/uj.adatbank.ro\/lexikon\/termek\/virag-ferenc\/"},"modified":"2025-08-01T18:12:57","modified_gmt":"2025-08-01T16:12:57","slug":"virag-ferenc","status":"publish","type":"product","link":"https:\/\/uj.adatbank.ro\/lexikon\/termek\/virag-ferenc\/","title":{"rendered":"VIR\u00c1G Ferenc"},"content":{"rendered":"<p>Sz\u00e9kelykocs\u00e1rd (Feh\u00e9r), 1905., \u2020\u00a0?: gazd\u00e1lkod\u00f3. \u2013 \u00c9desapj\u00e1t\u00f3l tanulta a gazd\u00e1lkod\u00e1st, \u00f6n\u00e1ll\u00f3 lett Kisteremiben (1927). A k\u00f6zs\u00e9g tekint\u00e9lyes polg\u00e1ra, a ref. egyh\u00e1z presbitere, a MP tagja, a k\u00f6zs\u00e9g b\u00edr\u00f3ja volt. <br \/><strong>\u2013 Irod.:<\/strong> Sz\u00e9kelyf\u00f6ld \u00ed. k.<\/br><\/p>\n","protected":false},"excerpt":{"rendered":"<p>Sz\u00e9kelykocs\u00e1rd (Feh\u00e9r), 1905., \u2020\u00a0?: gazd\u00e1lkod\u00f3. \u2013 \u00c9desapj\u00e1t\u00f3l tanulta a gazd\u00e1lkod\u00e1st, \u00f6n\u00e1ll\u00f3 lett Kisteremiben (1927). A k\u00f6zs\u00e9g tekint\u00e9lyes polg\u00e1ra, a ref. egyh\u00e1z presbitere, a MP tagja, a k\u00f6zs\u00e9g b\u00edr\u00f3ja volt. \u2013 Irod.: Sz\u00e9kelyf\u00f6ld \u00ed. k.<\/p>\n","protected":false},"featured_media":0,"comment_status":"open","ping_status":"closed","template":"","meta":[],"product_brand":[],"product_cat":[137],"product_tag":[],"class_list":{"0":"post-24585","1":"product","2":"type-product","3":"status-publish","5":"product_cat-maros-megyei-eletrajzi-lexikon","7":"first","8":"instock","9":"shipping-taxable","10":"product-type-simple"},"_links":{"self":[{"href":"https:\/\/uj.adatbank.ro\/lexikon\/wp-json\/wp\/v2\/product\/24585","targetHints":{"allow":["GET"]}}],"collection":[{"href":"https:\/\/uj.adatbank.ro\/lexikon\/wp-json\/wp\/v2\/product"}],"about":[{"href":"https:\/\/uj.adatbank.ro\/lexikon\/wp-json\/wp\/v2\/types\/product"}],"replies":[{"embeddable":true,"href":"https:\/\/uj.adatbank.ro\/lexikon\/wp-json\/wp\/v2\/comments?post=24585"}],"wp:attachment":[{"href":"https:\/\/uj.adatbank.ro\/lexikon\/wp-json\/wp\/v2\/media?parent=24585"}],"wp:term":[{"taxonomy":"product_brand","embeddable":true,"href":"https:\/\/uj.adatbank.ro\/lexikon\/wp-json\/wp\/v2\/product_brand?post=24585"},{"taxonomy":"product_cat","embeddable":true,"href":"https:\/\/uj.adatbank.ro\/lexikon\/wp-json\/wp\/v2\/product_cat?post=24585"},{"taxonomy":"product_tag","embeddable":true,"href":"https:\/\/uj.adatbank.ro\/lexikon\/wp-json\/wp\/v2\/product_tag?post=24585"}],"curies":[{"name":"wp","href":"https:\/\/api.w.org\/{rel}","templated":true}]}}