{"id":24589,"date":"2025-08-01T18:13:06","date_gmt":"2025-08-01T16:13:06","guid":{"rendered":"https:\/\/uj.adatbank.ro\/lexikon\/termek\/virag-janos\/"},"modified":"2025-08-01T18:13:06","modified_gmt":"2025-08-01T16:13:06","slug":"virag-janos","status":"publish","type":"product","link":"https:\/\/uj.adatbank.ro\/lexikon\/termek\/virag-janos\/","title":{"rendered":"VIR\u00c1G J\u00e1nos"},"content":{"rendered":"<p>? \u2020\u00a0?: tan\u00e1csos, perceptor. \u2013 Kollektor (1764, 1778), Mv.-en tan\u00e1csos (1790, 1791). <br \/><strong>\u2013 Irod.:<\/strong> Orb\u00e1n J\u00e1nos: A Kir. T\u00e1bla els\u0151 k\u00e9t Mv.-i sz\u00e9kh\u00e1za = St\u00edlusok, m\u0171vek, mesterek.<\/br><\/p>\n","protected":false},"excerpt":{"rendered":"<p>? \u2020\u00a0?: tan\u00e1csos, perceptor. \u2013 Kollektor (1764, 1778), Mv.-en tan\u00e1csos (1790, 1791). \u2013 Irod.: Orb\u00e1n J\u00e1nos: A Kir. T\u00e1bla els\u0151 k\u00e9t Mv.-i sz\u00e9kh\u00e1za = St\u00edlusok, m\u0171vek, mesterek.<\/p>\n","protected":false},"featured_media":0,"comment_status":"open","ping_status":"closed","template":"","meta":[],"product_brand":[],"product_cat":[137],"product_tag":[],"class_list":{"0":"post-24589","1":"product","2":"type-product","3":"status-publish","5":"product_cat-maros-megyei-eletrajzi-lexikon","7":"first","8":"instock","9":"shipping-taxable","10":"product-type-simple"},"_links":{"self":[{"href":"https:\/\/uj.adatbank.ro\/lexikon\/wp-json\/wp\/v2\/product\/24589","targetHints":{"allow":["GET"]}}],"collection":[{"href":"https:\/\/uj.adatbank.ro\/lexikon\/wp-json\/wp\/v2\/product"}],"about":[{"href":"https:\/\/uj.adatbank.ro\/lexikon\/wp-json\/wp\/v2\/types\/product"}],"replies":[{"embeddable":true,"href":"https:\/\/uj.adatbank.ro\/lexikon\/wp-json\/wp\/v2\/comments?post=24589"}],"wp:attachment":[{"href":"https:\/\/uj.adatbank.ro\/lexikon\/wp-json\/wp\/v2\/media?parent=24589"}],"wp:term":[{"taxonomy":"product_brand","embeddable":true,"href":"https:\/\/uj.adatbank.ro\/lexikon\/wp-json\/wp\/v2\/product_brand?post=24589"},{"taxonomy":"product_cat","embeddable":true,"href":"https:\/\/uj.adatbank.ro\/lexikon\/wp-json\/wp\/v2\/product_cat?post=24589"},{"taxonomy":"product_tag","embeddable":true,"href":"https:\/\/uj.adatbank.ro\/lexikon\/wp-json\/wp\/v2\/product_tag?post=24589"}],"curies":[{"name":"wp","href":"https:\/\/api.w.org\/{rel}","templated":true}]}}