{"id":24590,"date":"2025-08-01T18:13:08","date_gmt":"2025-08-01T16:13:08","guid":{"rendered":"https:\/\/uj.adatbank.ro\/lexikon\/termek\/virag-janos-2\/"},"modified":"2025-08-01T18:13:08","modified_gmt":"2025-08-01T16:13:08","slug":"virag-janos-2","status":"publish","type":"product","link":"https:\/\/uj.adatbank.ro\/lexikon\/termek\/virag-janos-2\/","title":{"rendered":"VIR\u00c1G J\u00e1nos"},"content":{"rendered":"<p>? 1779., \u2020 Mv., 1801: a mv.-i kir. t\u00e1bla \u00edr\u00f3de\u00e1kja. <br \/><strong>\u2013 Irod.:<\/strong> P\u00e1lmay J\u00f3zsef.<\/br><\/p>\n","protected":false},"excerpt":{"rendered":"<p>? 1779., \u2020 Mv., 1801: a mv.-i kir. t\u00e1bla \u00edr\u00f3de\u00e1kja. \u2013 Irod.: P\u00e1lmay J\u00f3zsef.<\/p>\n","protected":false},"featured_media":0,"comment_status":"open","ping_status":"closed","template":"","meta":[],"product_brand":[],"product_cat":[137],"product_tag":[],"class_list":{"0":"post-24590","1":"product","2":"type-product","3":"status-publish","5":"product_cat-maros-megyei-eletrajzi-lexikon","7":"first","8":"instock","9":"shipping-taxable","10":"product-type-simple"},"_links":{"self":[{"href":"https:\/\/uj.adatbank.ro\/lexikon\/wp-json\/wp\/v2\/product\/24590","targetHints":{"allow":["GET"]}}],"collection":[{"href":"https:\/\/uj.adatbank.ro\/lexikon\/wp-json\/wp\/v2\/product"}],"about":[{"href":"https:\/\/uj.adatbank.ro\/lexikon\/wp-json\/wp\/v2\/types\/product"}],"replies":[{"embeddable":true,"href":"https:\/\/uj.adatbank.ro\/lexikon\/wp-json\/wp\/v2\/comments?post=24590"}],"wp:attachment":[{"href":"https:\/\/uj.adatbank.ro\/lexikon\/wp-json\/wp\/v2\/media?parent=24590"}],"wp:term":[{"taxonomy":"product_brand","embeddable":true,"href":"https:\/\/uj.adatbank.ro\/lexikon\/wp-json\/wp\/v2\/product_brand?post=24590"},{"taxonomy":"product_cat","embeddable":true,"href":"https:\/\/uj.adatbank.ro\/lexikon\/wp-json\/wp\/v2\/product_cat?post=24590"},{"taxonomy":"product_tag","embeddable":true,"href":"https:\/\/uj.adatbank.ro\/lexikon\/wp-json\/wp\/v2\/product_tag?post=24590"}],"curies":[{"name":"wp","href":"https:\/\/api.w.org\/{rel}","templated":true}]}}