{"id":24591,"date":"2025-08-01T18:13:11","date_gmt":"2025-08-01T16:13:11","guid":{"rendered":"https:\/\/uj.adatbank.ro\/lexikon\/termek\/virag-jozsef\/"},"modified":"2025-08-01T18:13:11","modified_gmt":"2025-08-01T16:13:11","slug":"virag-jozsef","status":"publish","type":"product","link":"https:\/\/uj.adatbank.ro\/lexikon\/termek\/virag-jozsef\/","title":{"rendered":"VIR\u00c1G J\u00f3zsef"},"content":{"rendered":"<p>? \u2020\u00a0?: \u00e1rvafel\u00fcgyel\u0151. \u2013 A v\u00e1rosi tan\u00e1cs tagja (1825) mint \u00e1rvafel\u00fcgyel\u0151 \u00e9s osztoztat\u00f3. <br \/><strong>\u2013 Irod.:<\/strong> P\u00e1l-Antal 2009.<\/br><\/p>\n","protected":false},"excerpt":{"rendered":"<p>? \u2020\u00a0?: \u00e1rvafel\u00fcgyel\u0151. \u2013 A v\u00e1rosi tan\u00e1cs tagja (1825) mint \u00e1rvafel\u00fcgyel\u0151 \u00e9s osztoztat\u00f3. \u2013 Irod.: P\u00e1l-Antal 2009.<\/p>\n","protected":false},"featured_media":0,"comment_status":"open","ping_status":"closed","template":"","meta":[],"product_brand":[],"product_cat":[137],"product_tag":[],"class_list":{"0":"post-24591","1":"product","2":"type-product","3":"status-publish","5":"product_cat-maros-megyei-eletrajzi-lexikon","7":"first","8":"instock","9":"shipping-taxable","10":"product-type-simple"},"_links":{"self":[{"href":"https:\/\/uj.adatbank.ro\/lexikon\/wp-json\/wp\/v2\/product\/24591","targetHints":{"allow":["GET"]}}],"collection":[{"href":"https:\/\/uj.adatbank.ro\/lexikon\/wp-json\/wp\/v2\/product"}],"about":[{"href":"https:\/\/uj.adatbank.ro\/lexikon\/wp-json\/wp\/v2\/types\/product"}],"replies":[{"embeddable":true,"href":"https:\/\/uj.adatbank.ro\/lexikon\/wp-json\/wp\/v2\/comments?post=24591"}],"wp:attachment":[{"href":"https:\/\/uj.adatbank.ro\/lexikon\/wp-json\/wp\/v2\/media?parent=24591"}],"wp:term":[{"taxonomy":"product_brand","embeddable":true,"href":"https:\/\/uj.adatbank.ro\/lexikon\/wp-json\/wp\/v2\/product_brand?post=24591"},{"taxonomy":"product_cat","embeddable":true,"href":"https:\/\/uj.adatbank.ro\/lexikon\/wp-json\/wp\/v2\/product_cat?post=24591"},{"taxonomy":"product_tag","embeddable":true,"href":"https:\/\/uj.adatbank.ro\/lexikon\/wp-json\/wp\/v2\/product_tag?post=24591"}],"curies":[{"name":"wp","href":"https:\/\/api.w.org\/{rel}","templated":true}]}}